{"id":2929,"date":"2025-10-21T04:08:52","date_gmt":"2025-10-21T04:08:52","guid":{"rendered":"https:\/\/www.rtcvietnam.org\/vi\/?page_id=2929"},"modified":"2025-10-21T04:15:40","modified_gmt":"2025-10-21T04:15:40","slug":"quy-tac-ung-xu","status":"publish","type":"page","link":"https:\/\/www.rtcvietnam.org\/vi\/quy-tac-ung-xu\/","title":{"rendered":"Quy t\u1eafc \u1ee9ng x\u1eed"},"content":{"rendered":"\t\t<div data-elementor-type=\"wp-page\" data-elementor-id=\"2929\" class=\"elementor elementor-2929\" data-elementor-post-type=\"page\">\n\t\t\t\t<div class=\"elementor-element elementor-element-5ed2170c e-flex e-con-boxed e-con e-parent\" data-id=\"5ed2170c\" data-element_type=\"container\">\n\t\t\t\t\t<div class=\"e-con-inner\">\n\t\t<div class=\"elementor-element elementor-element-5b5330dd e-con-full e-flex e-con e-child\" data-id=\"5b5330dd\" data-element_type=\"container\">\n\t\t\t\t<div class=\"elementor-element elementor-element-3788ab14 elementor-view-default elementor-widget elementor-widget-icon\" data-id=\"3788ab14\" data-element_type=\"widget\" data-widget_type=\"icon.default\">\n\t\t\t\t\t\t\t<div class=\"elementor-icon-wrapper\">\n\t\t\t<div class=\"elementor-icon\">\n\t\t\t<svg aria-hidden=\"true\" class=\"e-font-icon-svg e-fas-hands\" viewBox=\"0 0 640 512\" xmlns=\"http:\/\/www.w3.org\/2000\/svg\"><path d=\"M204.8 230.4c-10.6-14.1-30.7-17-44.8-6.4-14.1 10.6-17 30.7-6.4 44.8l38.1 50.8c4.8 6.4 4.1 15.3-1.5 20.9l-12.8 12.8c-6.7 6.7-17.6 6.2-23.6-1.1L64 244.4V96c0-17.7-14.3-32-32-32S0 78.3 0 96v218.4c0 10.9 3.7 21.5 10.5 30l104.1 134.3c5 6.5 8.4 13.9 10.4 21.7 1.8 6.9 8.1 11.6 15.3 11.6H272c8.8 0 16-7.2 16-16V384c0-27.7-9-54.6-25.6-76.8l-57.6-76.8zM608 64c-17.7 0-32 14.3-32 32v148.4l-89.8 107.8c-6 7.2-17 7.7-23.6 1.1l-12.8-12.8c-5.6-5.6-6.3-14.5-1.5-20.9l38.1-50.8c10.6-14.1 7.7-34.2-6.4-44.8-14.1-10.6-34.2-7.7-44.8 6.4l-57.6 76.8C361 329.4 352 356.3 352 384v112c0 8.8 7.2 16 16 16h131.7c7.1 0 13.5-4.7 15.3-11.6 2-7.8 5.4-15.2 10.4-21.7l104.1-134.3c6.8-8.5 10.5-19.1 10.5-30V96c0-17.7-14.3-32-32-32z\"><\/path><\/svg>\t\t\t<\/div>\n\t\t<\/div>\n\t\t\t\t\t\t<\/div>\n\t\t\t\t<div class=\"elementor-element elementor-element-55c6f96a elementor-widget elementor-widget-heading\" data-id=\"55c6f96a\" data-element_type=\"widget\" data-widget_type=\"heading.default\">\n\t\t\t\t\t<h2 class=\"elementor-heading-title elementor-size-default\">\u0110\u1ea1t \u0111\u01b0\u1ee3c tr\u00e1ch nhi\u1ec7m x\u00e3 h\u1ed9i<\/h2>\t\t\t\t<\/div>\n\t\t\t\t<div class=\"elementor-element elementor-element-57d5476c elementor-widget elementor-widget-text-editor\" data-id=\"57d5476c\" data-element_type=\"widget\" data-widget_type=\"text-editor.default\">\n\t\t\t\t\t\t\t\t\t<ol>\n    <li>T\u00edch c\u1ef1c huy \u0111\u1ed9ng c\u1ed9ng \u0111\u1ed3ng \u0111\u1ecba ph\u01b0\u01a1ng tham gia v\u00e0o qu\u00e1 tr\u00ecnh l\u1eadp k\u1ebf ho\u1ea1ch v\u00e0 ra quy\u1ebft \u0111\u1ecbnh, \u0111\u1ed3ng th\u1eddi x\u00e2y d\u1ef1ng n\u0103ng l\u1ef1c \u0111\u1ec3 bi\u1ebfn \u0111i\u1ec1u \u0111\u00f3 th\u00e0nh hi\u1ec7n th\u1ef1c.<\/li>\n    <li>\u0110\u00e1nh gi\u00e1 t\u00e1c \u0111\u1ed9ng x\u00e3 h\u1ed9i trong su\u1ed1t v\u00f2ng \u0111\u1eddi ho\u1ea1t \u0111\u1ed9ng nh\u1eb1m gi\u1ea3m thi\u1ec3u c\u00e1c t\u00e1c \u0111\u1ed9ng ti\u00eau c\u1ef1c v\u00e0 t\u1ed1i \u0111a h\u00f3a t\u00e1c \u0111\u1ed9ng t\u00edch c\u1ef1c.<\/li>\n    <li>N\u1ed7 l\u1ef1c \u0111\u1ec3 du l\u1ecbch tr\u1edf th\u00e0nh m\u1ed9t tr\u1ea3i nghi\u1ec7m mang t\u00ednh bao tr\u00f9m x\u00e3 h\u1ed9i, \u0111\u1ea3m b\u1ea3o kh\u1ea3 n\u0103ng ti\u1ebfp c\u1eadn cho t\u1ea5t c\u1ea3 m\u1ecdi ng\u01b0\u1eddi, \u0111\u1eb7c bi\u1ec7t l\u00e0 c\u00e1c nh\u00f3m d\u1ec5 b\u1ecb t\u1ed5n th\u01b0\u01a1ng v\u00e0 thi\u1ec7t th\u00f2i.<\/li>\n    <li>Ch\u1ed1ng l\u1ea1i n\u1ea1n b\u00f3c l\u1ed9t t\u00ecnh d\u1ee5c con ng\u01b0\u1eddi, \u0111\u1eb7c bi\u1ec7t l\u00e0 b\u00f3c l\u1ed9t tr\u1ebb em.<\/li>\n    <li>Nh\u1ea1y c\u1ea3m v\u1edbi v\u0103n h\u00f3a s\u1edf t\u1ea1i, duy tr\u00ec v\u00e0 khuy\u1ebfn kh\u00edch s\u1ef1 \u0111a d\u1ea1ng x\u00e3 h\u1ed9i v\u00e0 v\u0103n h\u00f3a.<\/li>\n    <li>Ph\u1ea5n \u0111\u1ea5u \u0111\u1ec3 du l\u1ecbch \u0111\u00f3ng g\u00f3p v\u00e0o vi\u1ec7c c\u1ea3i thi\u1ec7n y t\u1ebf v\u00e0 gi\u00e1o d\u1ee5c.<\/li>\n  <\/ol>\t\t\t\t\t\t\t\t<\/div>\n\t\t\t\t<\/div>\n\t\t<div class=\"elementor-element elementor-element-1a244adf e-con-full e-flex e-con e-child\" data-id=\"1a244adf\" data-element_type=\"container\">\n\t\t\t\t<div class=\"elementor-element elementor-element-9b25cf3 elementor-view-default elementor-widget elementor-widget-icon\" data-id=\"9b25cf3\" data-element_type=\"widget\" data-widget_type=\"icon.default\">\n\t\t\t\t\t\t\t<div class=\"elementor-icon-wrapper\">\n\t\t\t<div class=\"elementor-icon\">\n\t\t\t<svg aria-hidden=\"true\" class=\"e-font-icon-svg e-fab-envira\" viewBox=\"0 0 448 512\" xmlns=\"http:\/\/www.w3.org\/2000\/svg\"><path d=\"M0 32c477.6 0 366.6 317.3 367.1 366.3L448 480h-26l-70.4-71.2c-39 4.2-124.4 34.5-214.4-37C47 300.3 52 214.7 0 32zm79.7 46c-49.7-23.5-5.2 9.2-5.2 9.2 45.2 31.2 66 73.7 90.2 119.9 31.5 60.2 79 139.7 144.2 167.7 65 28 34.2 12.5 6-8.5-28.2-21.2-68.2-87-91-130.2-31.7-60-61-118.6-144.2-158.1z\"><\/path><\/svg>\t\t\t<\/div>\n\t\t<\/div>\n\t\t\t\t\t\t<\/div>\n\t\t\t\t<div class=\"elementor-element elementor-element-5bbba8e1 elementor-widget elementor-widget-heading\" data-id=\"5bbba8e1\" data-element_type=\"widget\" data-widget_type=\"heading.default\">\n\t\t\t\t\t<h2 class=\"elementor-heading-title elementor-size-default\">\u0110\u1ea1t \u0111\u01b0\u1ee3c tr\u00e1ch nhi\u1ec7m m\u00f4i tr\u01b0\u1eddng<\/h2>\t\t\t\t<\/div>\n\t\t\t\t<div class=\"elementor-element elementor-element-56bc5e11 elementor-widget elementor-widget-text-editor\" data-id=\"56bc5e11\" data-element_type=\"widget\" data-widget_type=\"text-editor.default\">\n\t\t\t\t\t\t\t\t\t<ol>\n    <li>\u0110\u00e1nh gi\u00e1 t\u00e1c \u0111\u1ed9ng m\u00f4i tr\u01b0\u1eddng trong su\u1ed1t v\u00f2ng \u0111\u1eddi c\u1ee7a c\u00e1c c\u01a1 s\u1edf v\u00e0 ho\u1ea1t \u0111\u1ed9ng du l\u1ecbch, \u0111\u1ea3m b\u1ea3o r\u1eb1ng c\u00e1c t\u00e1c \u0111\u1ed9ng ti\u00eau c\u1ef1c \u0111\u01b0\u1ee3c gi\u1ea3m thi\u1ec3u t\u1ed1i \u0111a v\u00e0 c\u00e1c t\u00e1c \u0111\u1ed9ng t\u00edch c\u1ef1c \u0111\u01b0\u1ee3c t\u1ed1i \u0111a h\u00f3a.<\/li>\n    <li>S\u1eed d\u1ee5ng t\u00e0i nguy\u00ean m\u1ed9t c\u00e1ch b\u1ec1n v\u1eefng, gi\u1ea3m thi\u1ec3u l\u00e3ng ph\u00ed v\u00e0 ti\u00eau d\u00f9ng qu\u00e1 m\u1ee9c.<\/li>\n    <li>Qu\u1ea3n l\u00fd \u0111a d\u1ea1ng sinh h\u1ecdc b\u1ec1n v\u1eefng, v\u00e0 khi c\u1ea7n thi\u1ebft, ph\u1ee5c h\u1ed3i ch\u00fang; xem x\u00e9t quy m\u00f4 v\u00e0 lo\u1ea1i h\u00ecnh du l\u1ecbch m\u00e0 m\u00f4i tr\u01b0\u1eddng c\u00f3 th\u1ec3 ch\u1ecbu \u0111\u1ef1ng, t\u00f4n tr\u1ecdng s\u1ef1 to\u00e0n v\u1eb9n c\u1ee7a c\u00e1c h\u1ec7 sinh th\u00e1i d\u1ec5 t\u1ed5n th\u01b0\u01a1ng v\u00e0 khu v\u1ef1c \u0111\u01b0\u1ee3c b\u1ea3o v\u1ec7.<\/li>\n    <li>Th\u00fac \u0111\u1ea9y gi\u00e1o d\u1ee5c v\u00e0 n\u00e2ng cao nh\u1eadn th\u1ee9c v\u1ec1 ph\u00e1t tri\u1ec3n b\u1ec1n v\u1eefng cho t\u1ea5t c\u1ea3 c\u00e1c b\u00ean li\u00ean quan.<\/li>\n    <li>N\u00e2ng cao n\u0103ng l\u1ef1c cho c\u00e1c b\u00ean li\u00ean quan v\u00e0 \u0111\u1ea3m b\u1ea3o tu\u00e2n th\u1ee7 c\u00e1c th\u1ef1c h\u00e0nh t\u1ed1t nh\u1ea5t, \u0111\u1ed3ng th\u1eddi tham kh\u1ea3o \u00fd ki\u1ebfn c\u1ee7a c\u00e1c chuy\u00ean gia m\u00f4i tr\u01b0\u1eddng v\u00e0 b\u1ea3o t\u1ed3n.<\/li>\n  <\/ol>\t\t\t\t\t\t\t\t<\/div>\n\t\t\t\t<\/div>\n\t\t<div class=\"elementor-element elementor-element-3195cf4 e-con-full e-flex e-con e-child\" data-id=\"3195cf4\" data-element_type=\"container\">\n\t\t\t\t<div class=\"elementor-element elementor-element-6940da1f elementor-view-default elementor-widget elementor-widget-icon\" data-id=\"6940da1f\" data-element_type=\"widget\" data-widget_type=\"icon.default\">\n\t\t\t\t\t\t\t<div class=\"elementor-icon-wrapper\">\n\t\t\t<div class=\"elementor-icon\">\n\t\t\t<svg aria-hidden=\"true\" class=\"e-font-icon-svg e-fas-money-check-alt\" viewBox=\"0 0 640 512\" xmlns=\"http:\/\/www.w3.org\/2000\/svg\"><path d=\"M608 32H32C14.33 32 0 46.33 0 64v384c0 17.67 14.33 32 32 32h576c17.67 0 32-14.33 32-32V64c0-17.67-14.33-32-32-32zM176 327.88V344c0 4.42-3.58 8-8 8h-16c-4.42 0-8-3.58-8-8v-16.29c-11.29-.58-22.27-4.52-31.37-11.35-3.9-2.93-4.1-8.77-.57-12.14l11.75-11.21c2.77-2.64 6.89-2.76 10.13-.73 3.87 2.42 8.26 3.72 12.82 3.72h28.11c6.5 0 11.8-5.92 11.8-13.19 0-5.95-3.61-11.19-8.77-12.73l-45-13.5c-18.59-5.58-31.58-23.42-31.58-43.39 0-24.52 19.05-44.44 42.67-45.07V152c0-4.42 3.58-8 8-8h16c4.42 0 8 3.58 8 8v16.29c11.29.58 22.27 4.51 31.37 11.35 3.9 2.93 4.1 8.77.57 12.14l-11.75 11.21c-2.77 2.64-6.89 2.76-10.13.73-3.87-2.43-8.26-3.72-12.82-3.72h-28.11c-6.5 0-11.8 5.92-11.8 13.19 0 5.95 3.61 11.19 8.77 12.73l45 13.5c18.59 5.58 31.58 23.42 31.58 43.39 0 24.53-19.05 44.44-42.67 45.07zM416 312c0 4.42-3.58 8-8 8H296c-4.42 0-8-3.58-8-8v-16c0-4.42 3.58-8 8-8h112c4.42 0 8 3.58 8 8v16zm160 0c0 4.42-3.58 8-8 8h-80c-4.42 0-8-3.58-8-8v-16c0-4.42 3.58-8 8-8h80c4.42 0 8 3.58 8 8v16zm0-96c0 4.42-3.58 8-8 8H296c-4.42 0-8-3.58-8-8v-16c0-4.42 3.58-8 8-8h272c4.42 0 8 3.58 8 8v16z\"><\/path><\/svg>\t\t\t<\/div>\n\t\t<\/div>\n\t\t\t\t\t\t<\/div>\n\t\t\t\t<div class=\"elementor-element elementor-element-2bbb6e2d elementor-widget elementor-widget-heading\" data-id=\"2bbb6e2d\" data-element_type=\"widget\" data-widget_type=\"heading.default\">\n\t\t\t\t\t<h2 class=\"elementor-heading-title elementor-size-default\">\u0110\u1ea1t \u0111\u01b0\u1ee3c tr\u00e1ch nhi\u1ec7m kinh t\u1ebf<\/h2>\t\t\t\t<\/div>\n\t\t\t\t<div class=\"elementor-element elementor-element-43390d48 elementor-widget elementor-widget-text-editor\" data-id=\"43390d48\" data-element_type=\"widget\" data-widget_type=\"text-editor.default\">\n\t\t\t\t\t\t\t\t\t<ol>\n    <li>\u0110\u00e1nh gi\u00e1 t\u00e1c \u0111\u1ed9ng kinh t\u1ebf tr\u01b0\u1edbc khi ph\u00e1t tri\u1ec3n du l\u1ecbch v\u00e0 \u01b0u ti\u00ean c\u00e1c d\u1ef1 \u00e1n mang l\u1ea1i l\u1ee3i \u00edch cho c\u1ed9ng \u0111\u1ed3ng \u0111\u1ecba ph\u01b0\u01a1ng, gi\u1ea3m thi\u1ec3u t\u00e1c \u0111\u1ed9ng ti\u00eau c\u1ef1c \u0111\u1ebfn sinh k\u1ebf.<\/li>\n    <li>T\u1ed1i \u0111a h\u00f3a l\u1ee3i \u00edch kinh t\u1ebf t\u1ea1i \u0111\u1ecba ph\u01b0\u01a1ng b\u1eb1ng c\u00e1ch t\u0103ng c\u01b0\u1eddng li\u00ean k\u1ebft v\u00e0 gi\u1ea3m th\u1ea5t tho\u00e1t, \u0111\u1ea3m b\u1ea3o c\u1ed9ng \u0111\u1ed3ng \u0111\u01b0\u1ee3c tham gia v\u00e0 h\u01b0\u1edfng l\u1ee3i t\u1eeb du l\u1ecbch.<\/li>\n    <li>Ph\u00e1t tri\u1ec3n c\u00e1c s\u1ea3n ph\u1ea9m ch\u1ea5t l\u01b0\u1ee3ng ph\u1ea3n \u00e1nh, b\u1ed5 sung v\u00e0 n\u00e2ng cao gi\u00e1 tr\u1ecb \u0111i\u1ec3m \u0111\u1ebfn.<\/li>\n    <li>Qu\u1ea3ng b\u00e1 du l\u1ecbch theo c\u00e1ch th\u1ec3 hi\u1ec7n \u0111\u00fang gi\u00e1 tr\u1ecb t\u1ef1 nhi\u00ean, v\u0103n h\u00f3a v\u00e0 x\u00e3 h\u1ed9i c\u1ee7a \u0111i\u1ec3m \u0111\u1ebfn.<\/li>\n    <li>\u00c1p d\u1ee5ng c\u00e1c th\u1ef1c h\u00e0nh kinh doanh c\u00f4ng b\u1eb1ng: tr\u1ea3 l\u01b0\u01a1ng h\u1ee3p l\u00fd, \u0111\u1ecbnh gi\u00e1 minh b\u1ea1ch, x\u00e2y d\u1ef1ng quan h\u1ec7 \u0111\u1ed1i t\u00e1c v\u00e0 tuy\u1ec3n d\u1ee5ng nh\u00e2n s\u1ef1 theo ti\u00eau chu\u1ea9n lao \u0111\u1ed9ng qu\u1ed1c t\u1ebf.<\/li>\n    <li>Cung c\u1ea5p h\u1ed7 tr\u1ee3 ph\u00f9 h\u1ee3p cho c\u00e1c doanh nghi\u1ec7p nh\u1ecf, v\u1eeba v\u00e0 si\u00eau nh\u1ecf nh\u1eb1m gi\u00fap c\u00e1c ho\u1ea1t \u0111\u1ed9ng kinh doanh du l\u1ecbch ph\u00e1t tri\u1ec3n b\u1ec1n v\u1eefng.<\/li>\n  <\/ol>\t\t\t\t\t\t\t\t<\/div>\n\t\t\t\t<\/div>\n\t\t\t\t\t<\/div>\n\t\t\t\t<\/div>\n\t\t\t\t<\/div>\n\t\t","protected":false},"excerpt":{"rendered":"<p>\u0110\u1ea1t \u0111\u01b0\u1ee3c tr\u00e1ch nhi\u1ec7m x\u00e3 h\u1ed9i T\u00edch c\u1ef1c huy \u0111\u1ed9ng c\u1ed9ng \u0111\u1ed3ng \u0111\u1ecba ph\u01b0\u01a1ng tham gia v\u00e0o qu\u00e1 tr\u00ecnh l\u1eadp k\u1ebf ho\u1ea1ch v\u00e0 ra quy\u1ebft \u0111\u1ecbnh, \u0111\u1ed3ng th\u1eddi x\u00e2y d\u1ef1ng n\u0103ng l\u1ef1c \u0111\u1ec3 bi\u1ebfn \u0111i\u1ec1u \u0111\u00f3 th\u00e0nh hi\u1ec7n th\u1ef1c. \u0110\u00e1nh gi\u00e1 t\u00e1c \u0111\u1ed9ng x\u00e3 h\u1ed9i trong su\u1ed1t v\u00f2ng \u0111\u1eddi ho\u1ea1t \u0111\u1ed9ng nh\u1eb1m gi\u1ea3m thi\u1ec3u c\u00e1c [&hellip;]<\/p>\n","protected":false},"author":11,"featured_media":2752,"parent":0,"menu_order":0,"comment_status":"closed","ping_status":"closed","template":"","meta":{"footnotes":""},"class_list":["post-2929","page","type-page","status-publish","has-post-thumbnail","hentry"],"yoast_head":"<!-- This site is optimized with the Yoast SEO plugin v19.9 - https:\/\/yoast.com\/wordpress\/plugins\/seo\/ -->\n<title>Quy t\u1eafc \u1ee9ng x\u1eed - The Responsible Travel Club of Vietnam - RTC<\/title>\n<meta name=\"robots\" content=\"index, follow, max-snippet:-1, max-image-preview:large, max-video-preview:-1\" \/>\n<link rel=\"canonical\" href=\"https:\/\/www.rtcvietnam.org\/vi\/quy-tac-ung-xu\/\" \/>\n<meta property=\"og:locale\" content=\"en_US\" \/>\n<meta property=\"og:type\" content=\"article\" \/>\n<meta property=\"og:title\" content=\"Quy t\u1eafc \u1ee9ng x\u1eed - The Responsible Travel Club of Vietnam - RTC\" \/>\n<meta property=\"og:description\" content=\"\u0110\u1ea1t \u0111\u01b0\u1ee3c tr\u00e1ch nhi\u1ec7m x\u00e3 h\u1ed9i T\u00edch c\u1ef1c huy \u0111\u1ed9ng c\u1ed9ng \u0111\u1ed3ng \u0111\u1ecba ph\u01b0\u01a1ng tham gia v\u00e0o qu\u00e1 tr\u00ecnh l\u1eadp k\u1ebf ho\u1ea1ch v\u00e0 ra quy\u1ebft \u0111\u1ecbnh, \u0111\u1ed3ng th\u1eddi x\u00e2y d\u1ef1ng n\u0103ng l\u1ef1c \u0111\u1ec3 bi\u1ebfn \u0111i\u1ec1u \u0111\u00f3 th\u00e0nh hi\u1ec7n th\u1ef1c. \u0110\u00e1nh gi\u00e1 t\u00e1c \u0111\u1ed9ng x\u00e3 h\u1ed9i trong su\u1ed1t v\u00f2ng \u0111\u1eddi ho\u1ea1t \u0111\u1ed9ng nh\u1eb1m gi\u1ea3m thi\u1ec3u c\u00e1c [&hellip;]\" \/>\n<meta property=\"og:url\" content=\"https:\/\/www.rtcvietnam.org\/vi\/quy-tac-ung-xu\/\" \/>\n<meta property=\"og:site_name\" content=\"The Responsible Travel Club of Vietnam - RTC\" \/>\n<meta property=\"article:modified_time\" content=\"2025-10-21T04:15:40+00:00\" \/>\n<meta property=\"og:image\" content=\"https:\/\/www.rtcvietnam.org\/vi\/wp-content\/uploads\/2025\/10\/pexels-elina-araja-1743227-3377405-1.jpg\" \/>\n\t<meta property=\"og:image:width\" content=\"1800\" \/>\n\t<meta property=\"og:image:height\" content=\"1012\" \/>\n\t<meta property=\"og:image:type\" content=\"image\/jpeg\" \/>\n<script type=\"application\/ld+json\" class=\"yoast-schema-graph\">{\"@context\":\"https:\/\/schema.org\",\"@graph\":[{\"@type\":\"WebPage\",\"@id\":\"https:\/\/www.rtcvietnam.org\/vi\/quy-tac-ung-xu\/\",\"url\":\"https:\/\/www.rtcvietnam.org\/vi\/quy-tac-ung-xu\/\",\"name\":\"Quy t\u1eafc \u1ee9ng x\u1eed - The Responsible Travel Club of Vietnam - RTC\",\"isPartOf\":{\"@id\":\"http:\/\/www.rtcvietnam.org\/vi\/#website\"},\"datePublished\":\"2025-10-21T04:08:52+00:00\",\"dateModified\":\"2025-10-21T04:15:40+00:00\",\"breadcrumb\":{\"@id\":\"https:\/\/www.rtcvietnam.org\/vi\/quy-tac-ung-xu\/#breadcrumb\"},\"inLanguage\":\"en-US\",\"potentialAction\":[{\"@type\":\"ReadAction\",\"target\":[\"https:\/\/www.rtcvietnam.org\/vi\/quy-tac-ung-xu\/\"]}]},{\"@type\":\"BreadcrumbList\",\"@id\":\"https:\/\/www.rtcvietnam.org\/vi\/quy-tac-ung-xu\/#breadcrumb\",\"itemListElement\":[{\"@type\":\"ListItem\",\"position\":1,\"name\":\"Home\",\"item\":\"http:\/\/www.rtcvietnam.org\/vi\/\"},{\"@type\":\"ListItem\",\"position\":2,\"name\":\"Quy t\u1eafc \u1ee9ng x\u1eed\"}]},{\"@type\":\"WebSite\",\"@id\":\"http:\/\/www.rtcvietnam.org\/vi\/#website\",\"url\":\"http:\/\/www.rtcvietnam.org\/vi\/\",\"name\":\"The Responsible Travel Club of Vietnam - RTC\",\"description\":\"\",\"publisher\":{\"@id\":\"http:\/\/www.rtcvietnam.org\/vi\/#organization\"},\"potentialAction\":[{\"@type\":\"SearchAction\",\"target\":{\"@type\":\"EntryPoint\",\"urlTemplate\":\"http:\/\/www.rtcvietnam.org\/vi\/?s={search_term_string}\"},\"query-input\":\"required name=search_term_string\"}],\"inLanguage\":\"en-US\"},{\"@type\":\"Organization\",\"@id\":\"http:\/\/www.rtcvietnam.org\/vi\/#organization\",\"name\":\"The Responsible Travel Club of Vietnam - RTC\",\"url\":\"http:\/\/www.rtcvietnam.org\/vi\/\",\"logo\":{\"@type\":\"ImageObject\",\"inLanguage\":\"en-US\",\"@id\":\"http:\/\/www.rtcvietnam.org\/vi\/#\/schema\/logo\/image\/\",\"url\":\"https:\/\/www.rtcvietnam.org\/vi\/wp-content\/uploads\/2025\/10\/rtc1.jpg\",\"contentUrl\":\"https:\/\/www.rtcvietnam.org\/vi\/wp-content\/uploads\/2025\/10\/rtc1.jpg\",\"width\":300,\"height\":300,\"caption\":\"The Responsible Travel Club of Vietnam - RTC\"},\"image\":{\"@id\":\"http:\/\/www.rtcvietnam.org\/vi\/#\/schema\/logo\/image\/\"}}]}<\/script>\n<!-- \/ Yoast SEO plugin. -->","yoast_head_json":{"title":"Quy t\u1eafc \u1ee9ng x\u1eed - The Responsible Travel Club of Vietnam - RTC","robots":{"index":"index","follow":"follow","max-snippet":"max-snippet:-1","max-image-preview":"max-image-preview:large","max-video-preview":"max-video-preview:-1"},"canonical":"https:\/\/www.rtcvietnam.org\/vi\/quy-tac-ung-xu\/","og_locale":"en_US","og_type":"article","og_title":"Quy t\u1eafc \u1ee9ng x\u1eed - The Responsible Travel Club of Vietnam - RTC","og_description":"\u0110\u1ea1t \u0111\u01b0\u1ee3c tr\u00e1ch nhi\u1ec7m x\u00e3 h\u1ed9i T\u00edch c\u1ef1c huy \u0111\u1ed9ng c\u1ed9ng \u0111\u1ed3ng \u0111\u1ecba ph\u01b0\u01a1ng tham gia v\u00e0o qu\u00e1 tr\u00ecnh l\u1eadp k\u1ebf ho\u1ea1ch v\u00e0 ra quy\u1ebft \u0111\u1ecbnh, \u0111\u1ed3ng th\u1eddi x\u00e2y d\u1ef1ng n\u0103ng l\u1ef1c \u0111\u1ec3 bi\u1ebfn \u0111i\u1ec1u \u0111\u00f3 th\u00e0nh hi\u1ec7n th\u1ef1c. \u0110\u00e1nh gi\u00e1 t\u00e1c \u0111\u1ed9ng x\u00e3 h\u1ed9i trong su\u1ed1t v\u00f2ng \u0111\u1eddi ho\u1ea1t \u0111\u1ed9ng nh\u1eb1m gi\u1ea3m thi\u1ec3u c\u00e1c [&hellip;]","og_url":"https:\/\/www.rtcvietnam.org\/vi\/quy-tac-ung-xu\/","og_site_name":"The Responsible Travel Club of Vietnam - RTC","article_modified_time":"2025-10-21T04:15:40+00:00","og_image":[{"width":1800,"height":1012,"url":"https:\/\/www.rtcvietnam.org\/vi\/wp-content\/uploads\/2025\/10\/pexels-elina-araja-1743227-3377405-1.jpg","type":"image\/jpeg"}],"schema":{"@context":"https:\/\/schema.org","@graph":[{"@type":"WebPage","@id":"https:\/\/www.rtcvietnam.org\/vi\/quy-tac-ung-xu\/","url":"https:\/\/www.rtcvietnam.org\/vi\/quy-tac-ung-xu\/","name":"Quy t\u1eafc \u1ee9ng x\u1eed - The Responsible Travel Club of Vietnam - RTC","isPartOf":{"@id":"http:\/\/www.rtcvietnam.org\/vi\/#website"},"datePublished":"2025-10-21T04:08:52+00:00","dateModified":"2025-10-21T04:15:40+00:00","breadcrumb":{"@id":"https:\/\/www.rtcvietnam.org\/vi\/quy-tac-ung-xu\/#breadcrumb"},"inLanguage":"en-US","potentialAction":[{"@type":"ReadAction","target":["https:\/\/www.rtcvietnam.org\/vi\/quy-tac-ung-xu\/"]}]},{"@type":"BreadcrumbList","@id":"https:\/\/www.rtcvietnam.org\/vi\/quy-tac-ung-xu\/#breadcrumb","itemListElement":[{"@type":"ListItem","position":1,"name":"Home","item":"http:\/\/www.rtcvietnam.org\/vi\/"},{"@type":"ListItem","position":2,"name":"Quy t\u1eafc \u1ee9ng x\u1eed"}]},{"@type":"WebSite","@id":"http:\/\/www.rtcvietnam.org\/vi\/#website","url":"http:\/\/www.rtcvietnam.org\/vi\/","name":"The Responsible Travel Club of Vietnam - RTC","description":"","publisher":{"@id":"http:\/\/www.rtcvietnam.org\/vi\/#organization"},"potentialAction":[{"@type":"SearchAction","target":{"@type":"EntryPoint","urlTemplate":"http:\/\/www.rtcvietnam.org\/vi\/?s={search_term_string}"},"query-input":"required name=search_term_string"}],"inLanguage":"en-US"},{"@type":"Organization","@id":"http:\/\/www.rtcvietnam.org\/vi\/#organization","name":"The Responsible Travel Club of Vietnam - RTC","url":"http:\/\/www.rtcvietnam.org\/vi\/","logo":{"@type":"ImageObject","inLanguage":"en-US","@id":"http:\/\/www.rtcvietnam.org\/vi\/#\/schema\/logo\/image\/","url":"https:\/\/www.rtcvietnam.org\/vi\/wp-content\/uploads\/2025\/10\/rtc1.jpg","contentUrl":"https:\/\/www.rtcvietnam.org\/vi\/wp-content\/uploads\/2025\/10\/rtc1.jpg","width":300,"height":300,"caption":"The Responsible Travel Club of Vietnam - RTC"},"image":{"@id":"http:\/\/www.rtcvietnam.org\/vi\/#\/schema\/logo\/image\/"}}]}},"_links":{"self":[{"href":"https:\/\/www.rtcvietnam.org\/vi\/wp-json\/wp\/v2\/pages\/2929","targetHints":{"allow":["GET"]}}],"collection":[{"href":"https:\/\/www.rtcvietnam.org\/vi\/wp-json\/wp\/v2\/pages"}],"about":[{"href":"https:\/\/www.rtcvietnam.org\/vi\/wp-json\/wp\/v2\/types\/page"}],"author":[{"embeddable":true,"href":"https:\/\/www.rtcvietnam.org\/vi\/wp-json\/wp\/v2\/users\/11"}],"replies":[{"embeddable":true,"href":"https:\/\/www.rtcvietnam.org\/vi\/wp-json\/wp\/v2\/comments?post=2929"}],"version-history":[{"count":7,"href":"https:\/\/www.rtcvietnam.org\/vi\/wp-json\/wp\/v2\/pages\/2929\/revisions"}],"predecessor-version":[{"id":2940,"href":"https:\/\/www.rtcvietnam.org\/vi\/wp-json\/wp\/v2\/pages\/2929\/revisions\/2940"}],"wp:featuredmedia":[{"embeddable":true,"href":"https:\/\/www.rtcvietnam.org\/vi\/wp-json\/wp\/v2\/media\/2752"}],"wp:attachment":[{"href":"https:\/\/www.rtcvietnam.org\/vi\/wp-json\/wp\/v2\/media?parent=2929"}],"curies":[{"name":"wp","href":"https:\/\/api.w.org\/{rel}","templated":true}]}}