{"id":2904,"date":"2025-10-21T02:18:26","date_gmt":"2025-10-21T02:18:26","guid":{"rendered":"https:\/\/www.rtcvietnam.org\/vi\/?page_id=2904"},"modified":"2025-10-21T02:42:28","modified_gmt":"2025-10-21T02:42:28","slug":"lam-the-nao-de-du-lich-mot-cach-co-trach-nhiem","status":"publish","type":"page","link":"https:\/\/www.rtcvietnam.org\/vi\/lam-the-nao-de-du-lich-mot-cach-co-trach-nhiem\/","title":{"rendered":"L\u00e0m th\u1ebf n\u00e0o \u0111\u1ec3 du l\u1ecbch m\u1ed9t c\u00e1ch c\u00f3 tr\u00e1ch nhi\u1ec7m?"},"content":{"rendered":"\t\t<div data-elementor-type=\"wp-page\" data-elementor-id=\"2904\" class=\"elementor elementor-2904\" data-elementor-post-type=\"page\">\n\t\t\t\t<div class=\"elementor-element elementor-element-625a7702 e-grid e-con-boxed e-con e-parent\" data-id=\"625a7702\" data-element_type=\"container\">\n\t\t\t\t\t<div class=\"e-con-inner\">\n\t\t\t\t<div class=\"elementor-element elementor-element-29c74020 elementor-widget elementor-widget-image\" data-id=\"29c74020\" data-element_type=\"widget\" data-widget_type=\"image.default\">\n\t\t\t\t\t\t\t\t\t\t\t\t\t\t\t<img fetchpriority=\"high\" decoding=\"async\" width=\"900\" height=\"600\" src=\"https:\/\/www.rtcvietnam.org\/vi\/wp-content\/uploads\/2025\/10\/tour-operator-responsible-travel.jpg\" class=\"attachment-full size-full wp-image-2906\" alt=\"du l\u1ecbch tr\u00e1ch nhi\u1ec7m c\u1ee7a doanh nghi\u1ec7p l\u1eef h\u00e0nh\" srcset=\"https:\/\/www.rtcvietnam.org\/vi\/wp-content\/uploads\/2025\/10\/tour-operator-responsible-travel.jpg 900w, https:\/\/www.rtcvietnam.org\/vi\/wp-content\/uploads\/2025\/10\/tour-operator-responsible-travel-768x512.jpg 768w\" sizes=\"(max-width: 900px) 100vw, 900px\" \/>\t\t\t\t\t\t\t\t\t\t\t\t\t\t\t<\/div>\n\t\t<div class=\"elementor-element elementor-element-2fac1c83 e-con-full e-flex e-con e-child\" data-id=\"2fac1c83\" data-element_type=\"container\">\n\t\t\t\t<div class=\"elementor-element elementor-element-243a118f elementor-widget elementor-widget-text-editor\" data-id=\"243a118f\" data-element_type=\"widget\" data-widget_type=\"text-editor.default\">\n\t\t\t\t\t\t\t\t\t<h2><strong>B\u1ea1n l\u00e0 Doanh nghi\u1ec7p L\u1eef h\u00e0nh?<\/strong><\/h2>\t\t\t\t\t\t\t\t<\/div>\n\t\t\t\t<div class=\"elementor-element elementor-element-70623346 elementor-widget elementor-widget-text-editor\" data-id=\"70623346\" data-element_type=\"widget\" data-widget_type=\"text-editor.default\">\n\t\t\t\t\t\t\t\t\tC\u00e1c c\u00f4ng ty l\u1eef h\u00e0nh gi\u1eef m\u1ed9t vai tr\u00f2 nh\u1eb9 nh\u00e0ng nh\u01b0ng \u0111\u1ea7y s\u1ee9c m\u1ea1nh trong vi\u1ec7c khi\u1ebfn du l\u1ecbch tr\u1edf n\u00ean nh\u00e2n v\u0103n v\u00e0 \u00fd ngh\u0129a h\u01a1n. H\u1ecd l\u00e0 ng\u01b0\u1eddi k\u1ebft n\u1ed1i du kh\u00e1ch v\u1edbi c\u1ed9ng \u0111\u1ed3ng \u0111\u1ecba ph\u01b0\u01a1ng, v\u0103n h\u00f3a v\u00e0 thi\u00ean nhi\u00ean m\u1ed9t c\u00e1ch t\u00f4n tr\u1ecdng. B\u1eb1ng c\u00e1ch l\u1ef1a ch\u1ecdn c\u00e1c tr\u1ea3i nghi\u1ec7m d\u1ef1a v\u00e0o c\u1ed9ng \u0111\u1ed3ng, h\u1ed7 tr\u1ee3 c\u00e1c doanh nghi\u1ec7p nh\u1ecf v\u00e0 nh\u1eafc nh\u1edf du kh\u00e1ch \u0111i nh\u1eb9 \u2013 ngh\u0129 k\u1ef9, nh\u1eefng nh\u00e0 \u0111i\u1ec1u h\u00e0nh tour c\u00f3 tr\u00e1ch nhi\u1ec7m g\u00f3p ph\u1ea7n gi\u1eef g\u00ecn v\u1ebb \u0111\u1eb9p c\u1ee7a th\u1ebf gi\u1edbi \u2013 kh\u00f4ng ch\u1ec9 cho ch\u00fang ta, m\u00e0 c\u00f2n cho c\u00e1c th\u1ebf h\u1ec7 mai sau.\nCu\u1ed1i c\u00f9ng, \u0111i\u1ec1u quan tr\u1ecdng kh\u00f4ng ch\u1ec9 l\u00e0 ch\u00fang ta \u0111i \u0111\u00e2u, m\u00e0 l\u00e0 ch\u00fang ta quan t\u00e2m nh\u01b0 th\u1ebf n\u00e0o tr\u00ean h\u00e0nh tr\u00ecnh \u1ea5y.\t\t\t\t\t\t\t\t<\/div>\n\t\t\t\t<div class=\"elementor-element elementor-element-15ff6940 elementor-widget elementor-widget-button\" data-id=\"15ff6940\" data-element_type=\"widget\" data-widget_type=\"button.default\">\n\t\t\t\t\t\t\t\t\t\t<a class=\"elementor-button elementor-button-link elementor-size-sm\" href=\"https:\/\/www.rtcvietnam.org\/vi\/cho-don-vi-lu-hanh\/\">\n\t\t\t\t\t\t<span class=\"elementor-button-content-wrapper\">\n\t\t\t\t\t\t\t\t\t<span class=\"elementor-button-text\">T\u00ecm hi\u1ec3u th\u00eam<\/span>\n\t\t\t\t\t<\/span>\n\t\t\t\t\t<\/a>\n\t\t\t\t\t\t\t\t<\/div>\n\t\t\t\t<\/div>\n\t\t\t\t\t<\/div>\n\t\t\t\t<\/div>\n\t\t<div class=\"elementor-element elementor-element-16008326 e-grid e-con-boxed e-con e-parent\" data-id=\"16008326\" data-element_type=\"container\">\n\t\t\t\t\t<div class=\"e-con-inner\">\n\t\t<div class=\"elementor-element elementor-element-af442f1 e-con-full e-flex e-con e-child\" data-id=\"af442f1\" data-element_type=\"container\">\n\t\t\t\t<div class=\"elementor-element elementor-element-6063c718 elementor-widget elementor-widget-text-editor\" data-id=\"6063c718\" data-element_type=\"widget\" data-widget_type=\"text-editor.default\">\n\t\t\t\t\t\t\t\t\t<h2><strong>B\u1ea1n l\u00e0 Du kh\u00e1ch?<\/strong><\/h2>\t\t\t\t\t\t\t\t<\/div>\n\t\t\t\t<div class=\"elementor-element elementor-element-3161901a elementor-widget elementor-widget-text-editor\" data-id=\"3161901a\" data-element_type=\"widget\" data-widget_type=\"text-editor.default\">\n\t\t\t\t\t\t\t\t\tM\u1ed7i du kh\u00e1ch \u0111\u1ec1u c\u00f3 kh\u1ea3 n\u0103ng t\u1ea1o ra s\u1ef1 kh\u00e1c bi\u1ec7t. Du l\u1ecbch c\u00f3 tr\u00e1ch nhi\u1ec7m b\u1eaft \u0111\u1ea7u t\u1eeb nh\u1eefng l\u1ef1a ch\u1ecdn nh\u1ecf nh\u01b0ng \u0111\u1ea7y \u00fd th\u1ee9c \u2013 n\u00f3i l\u1eddi ch\u00e0o v\u1edbi ng\u01b0\u1eddi b\u00e1n h\u00e0ng \u0111\u1ecba ph\u01b0\u01a1ng, t\u00f4n tr\u1ecdng n\u01a1i linh thi\u00eang, hay \u0111\u01a1n gi\u1ea3n l\u00e0 t\u00e1i s\u1eed d\u1ee5ng chai n\u01b0\u1edbc c\u1ee7a m\u00ecnh. Khi du kh\u00e1ch di chuy\u1ec3n v\u1edbi l\u00f2ng t\u1ed1t v\u00e0 s\u1ef1 t\u00f2 m\u00f2, h\u1ecd kh\u00f4ng ch\u1ec9 \u201cgh\u00e9 th\u0103m\u201d m\u1ed9t n\u01a1i \u2013 h\u1ecd tr\u1edf th\u00e0nh m\u1ed9t ph\u1ea7n c\u1ee7a c\u00e2u chuy\u1ec7n n\u01a1i \u0111\u00f3. M\u1ed7i chuy\u1ebfn \u0111i tr\u1edf th\u00e0nh s\u1ef1 trao \u0111\u1ed5i c\u1ee7a \u1ea5m \u00e1p v\u00e0 th\u1ea5u hi\u1ec3u, gi\u00fap th\u1ebf gi\u1edbi k\u1ebft n\u1ed1i v\u00e0 \u0111\u01b0\u1ee3c tr\u00e2n tr\u1ecdng h\u01a1n.\t\t\t\t\t\t\t\t<\/div>\n\t\t\t\t<div class=\"elementor-element elementor-element-9ab9905 elementor-widget elementor-widget-button\" data-id=\"9ab9905\" data-element_type=\"widget\" data-widget_type=\"button.default\">\n\t\t\t\t\t\t\t\t\t\t<a class=\"elementor-button elementor-button-link elementor-size-sm\" href=\"https:\/\/www.rtcvietnam.org\/vi\/cho-du-khach\/\">\n\t\t\t\t\t\t<span class=\"elementor-button-content-wrapper\">\n\t\t\t\t\t\t\t\t\t<span class=\"elementor-button-text\">T\u00ecm hi\u1ec3u th\u00eam<\/span>\n\t\t\t\t\t<\/span>\n\t\t\t\t\t<\/a>\n\t\t\t\t\t\t\t\t<\/div>\n\t\t\t\t<\/div>\n\t\t\t\t<div class=\"elementor-element elementor-element-657a70cb elementor-widget elementor-widget-image\" data-id=\"657a70cb\" data-element_type=\"widget\" data-widget_type=\"image.default\">\n\t\t\t\t\t\t\t\t\t\t\t\t\t\t\t<img decoding=\"async\" width=\"900\" height=\"600\" src=\"https:\/\/www.rtcvietnam.org\/vi\/wp-content\/uploads\/2025\/10\/travelers-responsible-travel.jpg\" class=\"attachment-full size-full wp-image-2907\" alt=\"du l\u1ecbch tr\u00e1ch nhi\u1ec7m c\u1ee7a du kh\u00e1ch\" srcset=\"https:\/\/www.rtcvietnam.org\/vi\/wp-content\/uploads\/2025\/10\/travelers-responsible-travel.jpg 900w, https:\/\/www.rtcvietnam.org\/vi\/wp-content\/uploads\/2025\/10\/travelers-responsible-travel-768x512.jpg 768w\" sizes=\"(max-width: 900px) 100vw, 900px\" \/>\t\t\t\t\t\t\t\t\t\t\t\t\t\t\t<\/div>\n\t\t\t\t\t<\/div>\n\t\t\t\t<\/div>\n\t\t<div class=\"elementor-element elementor-element-358c1fbe e-grid e-con-boxed e-con e-parent\" data-id=\"358c1fbe\" data-element_type=\"container\">\n\t\t\t\t\t<div class=\"e-con-inner\">\n\t\t\t\t<div class=\"elementor-element elementor-element-7fa9762b elementor-widget elementor-widget-image\" data-id=\"7fa9762b\" data-element_type=\"widget\" data-widget_type=\"image.default\">\n\t\t\t\t\t\t\t\t\t\t\t\t\t\t\t<img decoding=\"async\" width=\"900\" height=\"600\" src=\"https:\/\/www.rtcvietnam.org\/vi\/wp-content\/uploads\/2025\/10\/tour-guide.jpg\" class=\"attachment-full size-full wp-image-2908\" alt=\"du l\u1ecbch tr\u00e1ch nhi\u1ec7m c\u1ee7a h\u01b0\u1edbng d\u1eabn vi\u00ean\" srcset=\"https:\/\/www.rtcvietnam.org\/vi\/wp-content\/uploads\/2025\/10\/tour-guide.jpg 900w, https:\/\/www.rtcvietnam.org\/vi\/wp-content\/uploads\/2025\/10\/tour-guide-768x512.jpg 768w\" sizes=\"(max-width: 900px) 100vw, 900px\" \/>\t\t\t\t\t\t\t\t\t\t\t\t\t\t\t<\/div>\n\t\t<div class=\"elementor-element elementor-element-2e1a776d e-con-full e-flex e-con e-child\" data-id=\"2e1a776d\" data-element_type=\"container\">\n\t\t\t\t<div class=\"elementor-element elementor-element-6cd1cc39 elementor-widget elementor-widget-text-editor\" data-id=\"6cd1cc39\" data-element_type=\"widget\" data-widget_type=\"text-editor.default\">\n\t\t\t\t\t\t\t\t\t<h2><strong>B\u1ea1n l\u00e0 H\u01b0\u1edbng d\u1eabn vi\u00ean?<\/strong><\/h2>\t\t\t\t\t\t\t\t<\/div>\n\t\t\t\t<div class=\"elementor-element elementor-element-508533f5 elementor-widget elementor-widget-text-editor\" data-id=\"508533f5\" data-element_type=\"widget\" data-widget_type=\"text-editor.default\">\n\t\t\t\t\t\t\t\t\t<p>H\u01b0\u1edbng d\u1eabn vi\u00ean l\u00e0 tr\u00e1i tim v\u00e0 ti\u1ebfng n\u00f3i c\u1ee7a du l\u1ecbch c\u00f3 tr\u00e1ch nhi\u1ec7m. H\u1ecd kh\u00f4ng ch\u1ec9 d\u1eabn \u0111\u01b0\u1eddng \u2013 h\u1ecd m\u1edf ra c\u00e1nh c\u1eeda \u0111\u1ebfn v\u0103n h\u00f3a, gi\u00e1 tr\u1ecb v\u00e0 c\u1ea3m x\u00fac c\u1ee7a \u0111\u1ecba ph\u01b0\u01a1ng. M\u1ed9t h\u01b0\u1edbng d\u1eabn vi\u00ean t\u1ed1t gi\u00fap du kh\u00e1ch nh\u00ecn s\u00e2u h\u01a1n v\u00e0o b\u1ec1 m\u1eb7t, hi\u1ec3u nh\u1eefng c\u00e2u chuy\u1ec7n ph\u00eda sau m\u1ed7i khung c\u1ea3nh, v\u00e0 k\u1ebft n\u1ed1i v\u1edbi con ng\u01b0\u1eddi b\u1eb1ng s\u1ef1 ch\u00e2n th\u00e0nh.<\/p><p>B\u1eb1ng s\u1ef1 t\u00f4n tr\u1ecdng, \u0111\u1ed3ng c\u1ea3m v\u00e0 kh\u1ea3 n\u0103ng k\u1ec3 chuy\u1ec7n, h\u01b0\u1edbng d\u1eabn vi\u00ean nh\u1eafc ch\u00fang ta r\u1eb1ng du l\u1ecbch kh\u00f4ng ch\u1ec9 l\u00e0 \u201cnh\u00ecn th\u1ea5y th\u1ebf gi\u1edbi\u201d, m\u00e0 l\u00e0 c\u1ea3m nh\u1eadn \u0111\u01b0\u1ee3c n\u00f3.<\/p>\t\t\t\t\t\t\t\t<\/div>\n\t\t\t\t<div class=\"elementor-element elementor-element-44071b58 elementor-widget elementor-widget-button\" data-id=\"44071b58\" data-element_type=\"widget\" data-widget_type=\"button.default\">\n\t\t\t\t\t\t\t\t\t\t<a class=\"elementor-button elementor-button-link elementor-size-sm\" href=\"https:\/\/www.dropbox.com\/scl\/fi\/b5io6e27lrb7rnmfyiif0\/Tour-Guide-Guidelines.pdf?rlkey=9208mqnutmgahqf7gsvgy6ln3&#038;e=2&#038;dl=0\" target=\"_blank\" rel=\"nofollow\">\n\t\t\t\t\t\t<span class=\"elementor-button-content-wrapper\">\n\t\t\t\t\t\t\t\t\t<span class=\"elementor-button-text\">T\u00ecm hi\u1ec3u th\u00eam<\/span>\n\t\t\t\t\t<\/span>\n\t\t\t\t\t<\/a>\n\t\t\t\t\t\t\t\t<\/div>\n\t\t\t\t<\/div>\n\t\t\t\t\t<\/div>\n\t\t\t\t<\/div>\n\t\t\t\t<\/div>\n\t\t","protected":false},"excerpt":{"rendered":"<p>B\u1ea1n l\u00e0 Doanh nghi\u1ec7p L\u1eef h\u00e0nh? C\u00e1c c\u00f4ng ty l\u1eef h\u00e0nh gi\u1eef m\u1ed9t vai tr\u00f2 nh\u1eb9 nh\u00e0ng nh\u01b0ng \u0111\u1ea7y s\u1ee9c m\u1ea1nh trong vi\u1ec7c khi\u1ebfn du l\u1ecbch tr\u1edf n\u00ean nh\u00e2n v\u0103n v\u00e0 \u00fd ngh\u0129a h\u01a1n. H\u1ecd l\u00e0 ng\u01b0\u1eddi k\u1ebft n\u1ed1i du kh\u00e1ch v\u1edbi c\u1ed9ng \u0111\u1ed3ng \u0111\u1ecba ph\u01b0\u01a1ng, v\u0103n h\u00f3a v\u00e0 thi\u00ean nhi\u00ean m\u1ed9t c\u00e1ch t\u00f4n tr\u1ecdng. [&hellip;]<\/p>\n","protected":false},"author":11,"featured_media":2752,"parent":0,"menu_order":0,"comment_status":"closed","ping_status":"closed","template":"","meta":{"footnotes":""},"class_list":["post-2904","page","type-page","status-publish","has-post-thumbnail","hentry"],"yoast_head":"<!-- This site is optimized with the Yoast SEO plugin v19.9 - https:\/\/yoast.com\/wordpress\/plugins\/seo\/ -->\n<title>L\u00e0m th\u1ebf n\u00e0o \u0111\u1ec3 du l\u1ecbch m\u1ed9t c\u00e1ch c\u00f3 tr\u00e1ch nhi\u1ec7m? - The Responsible Travel Club of Vietnam - RTC<\/title>\n<meta name=\"robots\" content=\"index, follow, max-snippet:-1, max-image-preview:large, max-video-preview:-1\" \/>\n<link rel=\"canonical\" href=\"https:\/\/www.rtcvietnam.org\/vi\/lam-the-nao-de-du-lich-mot-cach-co-trach-nhiem\/\" \/>\n<meta property=\"og:locale\" content=\"en_US\" \/>\n<meta property=\"og:type\" content=\"article\" \/>\n<meta property=\"og:title\" content=\"L\u00e0m th\u1ebf n\u00e0o \u0111\u1ec3 du l\u1ecbch m\u1ed9t c\u00e1ch c\u00f3 tr\u00e1ch nhi\u1ec7m? - The Responsible Travel Club of Vietnam - RTC\" \/>\n<meta property=\"og:description\" content=\"B\u1ea1n l\u00e0 Doanh nghi\u1ec7p L\u1eef h\u00e0nh? C\u00e1c c\u00f4ng ty l\u1eef h\u00e0nh gi\u1eef m\u1ed9t vai tr\u00f2 nh\u1eb9 nh\u00e0ng nh\u01b0ng \u0111\u1ea7y s\u1ee9c m\u1ea1nh trong vi\u1ec7c khi\u1ebfn du l\u1ecbch tr\u1edf n\u00ean nh\u00e2n v\u0103n v\u00e0 \u00fd ngh\u0129a h\u01a1n. H\u1ecd l\u00e0 ng\u01b0\u1eddi k\u1ebft n\u1ed1i du kh\u00e1ch v\u1edbi c\u1ed9ng \u0111\u1ed3ng \u0111\u1ecba ph\u01b0\u01a1ng, v\u0103n h\u00f3a v\u00e0 thi\u00ean nhi\u00ean m\u1ed9t c\u00e1ch t\u00f4n tr\u1ecdng. [&hellip;]\" \/>\n<meta property=\"og:url\" content=\"https:\/\/www.rtcvietnam.org\/vi\/lam-the-nao-de-du-lich-mot-cach-co-trach-nhiem\/\" \/>\n<meta property=\"og:site_name\" content=\"The Responsible Travel Club of Vietnam - RTC\" \/>\n<meta property=\"article:modified_time\" content=\"2025-10-21T02:42:28+00:00\" \/>\n<meta property=\"og:image\" content=\"https:\/\/www.rtcvietnam.org\/vi\/wp-content\/uploads\/2025\/10\/pexels-elina-araja-1743227-3377405-1.jpg\" \/>\n\t<meta property=\"og:image:width\" content=\"1800\" \/>\n\t<meta property=\"og:image:height\" content=\"1012\" \/>\n\t<meta property=\"og:image:type\" content=\"image\/jpeg\" \/>\n<script type=\"application\/ld+json\" class=\"yoast-schema-graph\">{\"@context\":\"https:\/\/schema.org\",\"@graph\":[{\"@type\":\"WebPage\",\"@id\":\"https:\/\/www.rtcvietnam.org\/vi\/lam-the-nao-de-du-lich-mot-cach-co-trach-nhiem\/\",\"url\":\"https:\/\/www.rtcvietnam.org\/vi\/lam-the-nao-de-du-lich-mot-cach-co-trach-nhiem\/\",\"name\":\"L\u00e0m th\u1ebf n\u00e0o \u0111\u1ec3 du l\u1ecbch m\u1ed9t c\u00e1ch c\u00f3 tr\u00e1ch nhi\u1ec7m? - The Responsible Travel Club of Vietnam - RTC\",\"isPartOf\":{\"@id\":\"http:\/\/www.rtcvietnam.org\/vi\/#website\"},\"datePublished\":\"2025-10-21T02:18:26+00:00\",\"dateModified\":\"2025-10-21T02:42:28+00:00\",\"breadcrumb\":{\"@id\":\"https:\/\/www.rtcvietnam.org\/vi\/lam-the-nao-de-du-lich-mot-cach-co-trach-nhiem\/#breadcrumb\"},\"inLanguage\":\"en-US\",\"potentialAction\":[{\"@type\":\"ReadAction\",\"target\":[\"https:\/\/www.rtcvietnam.org\/vi\/lam-the-nao-de-du-lich-mot-cach-co-trach-nhiem\/\"]}]},{\"@type\":\"BreadcrumbList\",\"@id\":\"https:\/\/www.rtcvietnam.org\/vi\/lam-the-nao-de-du-lich-mot-cach-co-trach-nhiem\/#breadcrumb\",\"itemListElement\":[{\"@type\":\"ListItem\",\"position\":1,\"name\":\"Home\",\"item\":\"http:\/\/www.rtcvietnam.org\/vi\/\"},{\"@type\":\"ListItem\",\"position\":2,\"name\":\"L\u00e0m th\u1ebf n\u00e0o \u0111\u1ec3 du l\u1ecbch m\u1ed9t c\u00e1ch c\u00f3 tr\u00e1ch nhi\u1ec7m?\"}]},{\"@type\":\"WebSite\",\"@id\":\"http:\/\/www.rtcvietnam.org\/vi\/#website\",\"url\":\"http:\/\/www.rtcvietnam.org\/vi\/\",\"name\":\"The Responsible Travel Club of Vietnam - RTC\",\"description\":\"\",\"publisher\":{\"@id\":\"http:\/\/www.rtcvietnam.org\/vi\/#organization\"},\"potentialAction\":[{\"@type\":\"SearchAction\",\"target\":{\"@type\":\"EntryPoint\",\"urlTemplate\":\"http:\/\/www.rtcvietnam.org\/vi\/?s={search_term_string}\"},\"query-input\":\"required name=search_term_string\"}],\"inLanguage\":\"en-US\"},{\"@type\":\"Organization\",\"@id\":\"http:\/\/www.rtcvietnam.org\/vi\/#organization\",\"name\":\"The Responsible Travel Club of Vietnam - RTC\",\"url\":\"http:\/\/www.rtcvietnam.org\/vi\/\",\"logo\":{\"@type\":\"ImageObject\",\"inLanguage\":\"en-US\",\"@id\":\"http:\/\/www.rtcvietnam.org\/vi\/#\/schema\/logo\/image\/\",\"url\":\"https:\/\/www.rtcvietnam.org\/vi\/wp-content\/uploads\/2025\/10\/rtc1.jpg\",\"contentUrl\":\"https:\/\/www.rtcvietnam.org\/vi\/wp-content\/uploads\/2025\/10\/rtc1.jpg\",\"width\":300,\"height\":300,\"caption\":\"The Responsible Travel Club of Vietnam - RTC\"},\"image\":{\"@id\":\"http:\/\/www.rtcvietnam.org\/vi\/#\/schema\/logo\/image\/\"}}]}<\/script>\n<!-- \/ Yoast SEO plugin. -->","yoast_head_json":{"title":"L\u00e0m th\u1ebf n\u00e0o \u0111\u1ec3 du l\u1ecbch m\u1ed9t c\u00e1ch c\u00f3 tr\u00e1ch nhi\u1ec7m? - The Responsible Travel Club of Vietnam - RTC","robots":{"index":"index","follow":"follow","max-snippet":"max-snippet:-1","max-image-preview":"max-image-preview:large","max-video-preview":"max-video-preview:-1"},"canonical":"https:\/\/www.rtcvietnam.org\/vi\/lam-the-nao-de-du-lich-mot-cach-co-trach-nhiem\/","og_locale":"en_US","og_type":"article","og_title":"L\u00e0m th\u1ebf n\u00e0o \u0111\u1ec3 du l\u1ecbch m\u1ed9t c\u00e1ch c\u00f3 tr\u00e1ch nhi\u1ec7m? - The Responsible Travel Club of Vietnam - RTC","og_description":"B\u1ea1n l\u00e0 Doanh nghi\u1ec7p L\u1eef h\u00e0nh? C\u00e1c c\u00f4ng ty l\u1eef h\u00e0nh gi\u1eef m\u1ed9t vai tr\u00f2 nh\u1eb9 nh\u00e0ng nh\u01b0ng \u0111\u1ea7y s\u1ee9c m\u1ea1nh trong vi\u1ec7c khi\u1ebfn du l\u1ecbch tr\u1edf n\u00ean nh\u00e2n v\u0103n v\u00e0 \u00fd ngh\u0129a h\u01a1n. H\u1ecd l\u00e0 ng\u01b0\u1eddi k\u1ebft n\u1ed1i du kh\u00e1ch v\u1edbi c\u1ed9ng \u0111\u1ed3ng \u0111\u1ecba ph\u01b0\u01a1ng, v\u0103n h\u00f3a v\u00e0 thi\u00ean nhi\u00ean m\u1ed9t c\u00e1ch t\u00f4n tr\u1ecdng. [&hellip;]","og_url":"https:\/\/www.rtcvietnam.org\/vi\/lam-the-nao-de-du-lich-mot-cach-co-trach-nhiem\/","og_site_name":"The Responsible Travel Club of Vietnam - RTC","article_modified_time":"2025-10-21T02:42:28+00:00","og_image":[{"width":1800,"height":1012,"url":"https:\/\/www.rtcvietnam.org\/vi\/wp-content\/uploads\/2025\/10\/pexels-elina-araja-1743227-3377405-1.jpg","type":"image\/jpeg"}],"schema":{"@context":"https:\/\/schema.org","@graph":[{"@type":"WebPage","@id":"https:\/\/www.rtcvietnam.org\/vi\/lam-the-nao-de-du-lich-mot-cach-co-trach-nhiem\/","url":"https:\/\/www.rtcvietnam.org\/vi\/lam-the-nao-de-du-lich-mot-cach-co-trach-nhiem\/","name":"L\u00e0m th\u1ebf n\u00e0o \u0111\u1ec3 du l\u1ecbch m\u1ed9t c\u00e1ch c\u00f3 tr\u00e1ch nhi\u1ec7m? - The Responsible Travel Club of Vietnam - RTC","isPartOf":{"@id":"http:\/\/www.rtcvietnam.org\/vi\/#website"},"datePublished":"2025-10-21T02:18:26+00:00","dateModified":"2025-10-21T02:42:28+00:00","breadcrumb":{"@id":"https:\/\/www.rtcvietnam.org\/vi\/lam-the-nao-de-du-lich-mot-cach-co-trach-nhiem\/#breadcrumb"},"inLanguage":"en-US","potentialAction":[{"@type":"ReadAction","target":["https:\/\/www.rtcvietnam.org\/vi\/lam-the-nao-de-du-lich-mot-cach-co-trach-nhiem\/"]}]},{"@type":"BreadcrumbList","@id":"https:\/\/www.rtcvietnam.org\/vi\/lam-the-nao-de-du-lich-mot-cach-co-trach-nhiem\/#breadcrumb","itemListElement":[{"@type":"ListItem","position":1,"name":"Home","item":"http:\/\/www.rtcvietnam.org\/vi\/"},{"@type":"ListItem","position":2,"name":"L\u00e0m th\u1ebf n\u00e0o \u0111\u1ec3 du l\u1ecbch m\u1ed9t c\u00e1ch c\u00f3 tr\u00e1ch nhi\u1ec7m?"}]},{"@type":"WebSite","@id":"http:\/\/www.rtcvietnam.org\/vi\/#website","url":"http:\/\/www.rtcvietnam.org\/vi\/","name":"The Responsible Travel Club of Vietnam - RTC","description":"","publisher":{"@id":"http:\/\/www.rtcvietnam.org\/vi\/#organization"},"potentialAction":[{"@type":"SearchAction","target":{"@type":"EntryPoint","urlTemplate":"http:\/\/www.rtcvietnam.org\/vi\/?s={search_term_string}"},"query-input":"required name=search_term_string"}],"inLanguage":"en-US"},{"@type":"Organization","@id":"http:\/\/www.rtcvietnam.org\/vi\/#organization","name":"The Responsible Travel Club of Vietnam - RTC","url":"http:\/\/www.rtcvietnam.org\/vi\/","logo":{"@type":"ImageObject","inLanguage":"en-US","@id":"http:\/\/www.rtcvietnam.org\/vi\/#\/schema\/logo\/image\/","url":"https:\/\/www.rtcvietnam.org\/vi\/wp-content\/uploads\/2025\/10\/rtc1.jpg","contentUrl":"https:\/\/www.rtcvietnam.org\/vi\/wp-content\/uploads\/2025\/10\/rtc1.jpg","width":300,"height":300,"caption":"The Responsible Travel Club of Vietnam - RTC"},"image":{"@id":"http:\/\/www.rtcvietnam.org\/vi\/#\/schema\/logo\/image\/"}}]}},"_links":{"self":[{"href":"https:\/\/www.rtcvietnam.org\/vi\/wp-json\/wp\/v2\/pages\/2904","targetHints":{"allow":["GET"]}}],"collection":[{"href":"https:\/\/www.rtcvietnam.org\/vi\/wp-json\/wp\/v2\/pages"}],"about":[{"href":"https:\/\/www.rtcvietnam.org\/vi\/wp-json\/wp\/v2\/types\/page"}],"author":[{"embeddable":true,"href":"https:\/\/www.rtcvietnam.org\/vi\/wp-json\/wp\/v2\/users\/11"}],"replies":[{"embeddable":true,"href":"https:\/\/www.rtcvietnam.org\/vi\/wp-json\/wp\/v2\/comments?post=2904"}],"version-history":[{"count":7,"href":"https:\/\/www.rtcvietnam.org\/vi\/wp-json\/wp\/v2\/pages\/2904\/revisions"}],"predecessor-version":[{"id":2917,"href":"https:\/\/www.rtcvietnam.org\/vi\/wp-json\/wp\/v2\/pages\/2904\/revisions\/2917"}],"wp:featuredmedia":[{"embeddable":true,"href":"https:\/\/www.rtcvietnam.org\/vi\/wp-json\/wp\/v2\/media\/2752"}],"wp:attachment":[{"href":"https:\/\/www.rtcvietnam.org\/vi\/wp-json\/wp\/v2\/media?parent=2904"}],"curies":[{"name":"wp","href":"https:\/\/api.w.org\/{rel}","templated":true}]}}