{"id":2896,"date":"2025-10-21T02:01:46","date_gmt":"2025-10-21T02:01:46","guid":{"rendered":"https:\/\/www.rtcvietnam.org\/vi\/?page_id=2896"},"modified":"2025-10-21T02:13:36","modified_gmt":"2025-10-21T02:13:36","slug":"dieu-khoan-su-dung","status":"publish","type":"page","link":"https:\/\/www.rtcvietnam.org\/vi\/dieu-khoan-su-dung\/","title":{"rendered":"\u0110i\u1ec1u kho\u1ea3n s\u1eed d\u1ee5ng"},"content":{"rendered":"\t\t<div data-elementor-type=\"wp-page\" data-elementor-id=\"2896\" class=\"elementor elementor-2896\" data-elementor-post-type=\"page\">\n\t\t\t\t<div class=\"elementor-element elementor-element-7ad8df5c e-flex e-con-boxed e-con e-parent\" data-id=\"7ad8df5c\" data-element_type=\"container\">\n\t\t\t\t\t<div class=\"e-con-inner\">\n\t\t\t\t<div class=\"elementor-element elementor-element-e971510 elementor-widget elementor-widget-text-editor\" data-id=\"e971510\" data-element_type=\"widget\" data-widget_type=\"text-editor.default\">\n\t\t\t\t\t\t\t\t\tCh\u00e0o m\u1eebng b\u1ea1n \u0111\u1ebfn v\u1edbi trang web c\u1ee7a C\u00e2u l\u1ea1c b\u1ed9 Du l\u1ecbch C\u00f3 Tr\u00e1ch nhi\u1ec7m Vi\u1ec7t Nam (RTC) &#8211; m\u1ed9t m\u1ea1ng l\u01b0\u1edbi phi l\u1ee3i nhu\u1eadn c\u1ee7a c\u00e1c nh\u00e0 th\u1ef1c h\u00e0nh du l\u1ecbch c\u00f3 tr\u00e1ch nhi\u1ec7m, \u0111\u01b0\u1ee3c v\u1eadn h\u00e0nh v\u00e0 duy tr\u00ec b\u1edfi Ban Th\u01b0 k\u00fd RTC. Khi truy c\u1eadp v\u00e0 s\u1eed d\u1ee5ng trang web n\u00e0y, b\u1ea1n \u0111\u1ed3ng \u00fd v\u1edbi c\u00e1c \u0111i\u1ec1u kho\u1ea3n v\u00e0 \u0111i\u1ec1u ki\u1ec7n sau \u0111\u00e2y.\t\t\t\t\t\t\t\t<\/div>\n\t\t\t\t\t<\/div>\n\t\t\t\t<\/div>\n\t\t<div class=\"elementor-element elementor-element-5adb7c9d e-flex e-con-boxed e-con e-parent\" data-id=\"5adb7c9d\" data-element_type=\"container\">\n\t\t\t\t\t<div class=\"e-con-inner\">\n\t\t\t\t<div class=\"elementor-element elementor-element-2bb404ae elementor-widget elementor-widget-text-editor\" data-id=\"2bb404ae\" data-element_type=\"widget\" data-widget_type=\"text-editor.default\">\n\t\t\t\t\t\t\t\t\t<h3 data-start=\"757\" data-end=\"790\"><strong data-start=\"761\" data-end=\"790\">1. M\u1ee5c \u0111\u00edch c\u1ee7a Trang web<br \/><\/strong><\/h3><p data-start=\"791\" data-end=\"1102\">Trang web \u0111\u01b0\u1ee3c x\u00e2y d\u1ef1ng nh\u1eb1m cung c\u1ea5p th\u00f4ng tin ch\u00ednh x\u00e1c, c\u1eadp nh\u1eadt v\u1ec1 c\u00e1c ho\u1ea1t \u0111\u1ed9ng c\u1ee7a RTC, c\u00e1c ch\u01b0\u01a1ng tr\u00ecnh \u0111\u00e0o t\u1ea1o, t\u1ed5 ch\u1ee9c th\u00e0nh vi\u00ean v\u00e0 c\u00e1c s\u00e1ng ki\u1ebfn du l\u1ecbch c\u00f3 tr\u00e1ch nhi\u1ec7m t\u1ea1i Vi\u1ec7t Nam. M\u1ee5c ti\u00eau l\u00e0 th\u00fac \u0111\u1ea9y nh\u1eadn th\u1ee9c v\u00e0 th\u1ef1c h\u00e0nh du l\u1ecbch b\u1ec1n v\u1eefng trong c\u1ed9ng \u0111\u1ed3ng chuy\u00ean m\u00f4n, \u0111\u1ed1i t\u00e1c v\u00e0 c\u00f4ng ch\u00fang r\u1ed9ng r\u00e3i.<\/p>\t\t\t\t\t\t\t\t<\/div>\n\t\t\t\t\t<\/div>\n\t\t\t\t<\/div>\n\t\t<div class=\"elementor-element elementor-element-5fabaa4 e-flex e-con-boxed e-con e-parent\" data-id=\"5fabaa4\" data-element_type=\"container\">\n\t\t\t\t\t<div class=\"e-con-inner\">\n\t\t\t\t<div class=\"elementor-element elementor-element-73a109be elementor-widget elementor-widget-text-editor\" data-id=\"73a109be\" data-element_type=\"widget\" data-widget_type=\"text-editor.default\">\n\t\t\t\t\t\t\t\t\t<h3 data-start=\"1109\" data-end=\"1145\"><strong data-start=\"1113\" data-end=\"1145\">2. B\u1ea3n quy\u1ec1n v\u00e0 S\u1eed d\u1ee5ng N\u1ed9i dung<br \/><\/strong><\/h3><p data-start=\"645\" data-end=\"1132\">M\u1ecdi v\u0103n b\u1ea3n, h\u00ecnh \u1ea3nh, \u0111\u1ed3 h\u1ecda, logo v\u00e0 c\u00e1c t\u00e0i li\u1ec7u kh\u00e1c hi\u1ec3n th\u1ecb tr\u00ean trang web n\u00e0y l\u00e0 t\u00e0i s\u1ea3n tr\u00ed tu\u1ec7 c\u1ee7a RTC tr\u1eeb khi c\u00f3 ghi ch\u00fa kh\u00e1c. B\u1ea1n c\u00f3 th\u1ec3 in ho\u1eb7c t\u1ea3i n\u1ed9i dung t\u1eeb trang n\u00e0y ch\u1ec9 cho m\u1ee5c \u0111\u00edch c\u00e1 nh\u00e2n, gi\u00e1o d\u1ee5c ho\u1eb7c phi th\u01b0\u01a1ng m\u1ea1i. B\u1ea1n kh\u00f4ng \u0111\u01b0\u1ee3c sao ch\u00e9p, t\u00e1i b\u1ea3n, \u0111\u0103ng l\u1ea1i ho\u1eb7c ph\u00e2n ph\u1ed1i b\u1ea5t k\u1ef3 ph\u1ea7n n\u00e0o c\u1ee7a trang web n\u1ebfu kh\u00f4ng c\u00f3 s\u1ef1 \u0111\u1ed3ng \u00fd b\u1eb1ng v\u0103n b\u1ea3n tr\u01b0\u1edbc c\u1ee7a RTC.<br data-start=\"1057\" data-end=\"1060\" \/>M\u1ecdi y\u00eau c\u1ea7u xin ph\u00e9p vui l\u00f2ng li\u00ean h\u1ec7: <a class=\"decorated-link cursor-pointer\" rel=\"noopener\" data-start=\"1099\" data-end=\"1132\">info@responsibletravelvietnam.org<\/a><\/p>\t\t\t\t\t\t\t\t<\/div>\n\t\t\t\t\t<\/div>\n\t\t\t\t<\/div>\n\t\t<div class=\"elementor-element elementor-element-7837f60c e-flex e-con-boxed e-con e-parent\" data-id=\"7837f60c\" data-element_type=\"container\">\n\t\t\t\t\t<div class=\"e-con-inner\">\n\t\t\t\t<div class=\"elementor-element elementor-element-4823a239 elementor-widget elementor-widget-text-editor\" data-id=\"4823a239\" data-element_type=\"widget\" data-widget_type=\"text-editor.default\">\n\t\t\t\t\t\t\t\t\t<h3 data-start=\"1625\" data-end=\"1646\"><strong data-start=\"1629\" data-end=\"1646\">3. Mi\u1ec5n tr\u1eeb Tr\u00e1ch nhi\u1ec7m<br \/><\/strong><\/h3><p data-start=\"1952\" data-end=\"2052\">RTC n\u1ed7 l\u1ef1c \u0111\u1ea3m b\u1ea3o m\u1ecdi th\u00f4ng tin \u0111\u0103ng t\u1ea3i tr\u00ean trang web l\u00e0 ch\u00ednh x\u00e1c v\u00e0 \u0111\u01b0\u1ee3c c\u1eadp nh\u1eadt. Tuy nhi\u00ean:<\/p><ul><li data-start=\"1952\" data-end=\"2052\">Ch\u00fang t\u00f4i kh\u00f4ng b\u1ea3o \u0111\u1ea3m v\u1ec1 t\u00ednh \u0111\u1ea7y \u0111\u1ee7, \u0111\u1ed9 tin c\u1eady ho\u1eb7c \u0111\u1ed9 ch\u00ednh x\u00e1c c\u1ee7a n\u1ed9i dung.<\/li><li data-start=\"1952\" data-end=\"2052\">M\u1ecdi quy\u1ebft \u0111\u1ecbnh d\u1ef1a tr\u00ean th\u00f4ng tin t\u1eeb trang web n\u00e0y \u0111\u01b0\u1ee3c th\u1ef1c hi\u1ec7n d\u01b0\u1edbi tr\u00e1ch nhi\u1ec7m c\u1ee7a ch\u00ednh b\u1ea1n.<\/li><li data-start=\"1952\" data-end=\"2052\">RTC c\u00f3 quy\u1ec1n ch\u1ec9nh s\u1eeda, c\u1eadp nh\u1eadt ho\u1eb7c s\u1eeda c\u00e1c sai s\u00f3t\/thi\u1ebfu s\u00f3t m\u00e0 kh\u00f4ng c\u1ea7n th\u00f4ng b\u00e1o tr\u01b0\u1edbc.<\/li><\/ul>\t\t\t\t\t\t\t\t<\/div>\n\t\t\t\t<div class=\"elementor-element elementor-element-38b82ab7 elementor-widget elementor-widget-text-editor\" data-id=\"38b82ab7\" data-element_type=\"widget\" data-widget_type=\"text-editor.default\">\n\t\t\t\t\t\t\t\t\t<h3 data-start=\"2059\" data-end=\"2084\"><strong data-start=\"2063\" data-end=\"2084\">4. Li\u00ean k\u1ebft B\u00ean ngo\u00e0i<br \/><\/strong><\/h3><p data-start=\"2085\" data-end=\"2326\">Trang web c\u00f3 th\u1ec3 bao g\u1ed3m c\u00e1c li\u00ean k\u1ebft \u0111\u1ebfn website c\u1ee7a b\u00ean th\u1ee9 ba \u0111\u1ec3 tham kh\u1ea3o ho\u1eb7c thu\u1eadn ti\u1ec7n cho b\u1ea1n.<br \/>RTC kh\u00f4ng ch\u1ecbu tr\u00e1ch nhi\u1ec7m v\u1ec1 n\u1ed9i dung, ch\u00ednh s\u00e1ch hay \u0111\u1ed9 ch\u00ednh x\u00e1c th\u00f4ng tin tr\u00ean c\u00e1c trang b\u00ean ngo\u00e0i \u0111\u00f3. Vi\u1ec7c truy c\u1eadp ho\u00e0n to\u00e0n do b\u1ea1n t\u1ef1 quy\u1ebft \u0111\u1ecbnh.<\/p>\t\t\t\t\t\t\t\t<\/div>\n\t\t\t\t<div class=\"elementor-element elementor-element-6e20d5a1 elementor-widget elementor-widget-text-editor\" data-id=\"6e20d5a1\" data-element_type=\"widget\" data-widget_type=\"text-editor.default\">\n\t\t\t\t\t\t\t\t\t<h3><strong>5. T\u00e0i kho\u1ea3n Ng\u01b0\u1eddi d\u00f9ng v\u00e0 Quy\u1ec1n ri\u00eang t\u01b0<br \/><\/strong><\/h3><ul><li data-start=\"2690\" data-end=\"2770\">M\u1ed9t s\u1ed1 khu v\u1ef1c c\u1ee7a trang web c\u00f3 th\u1ec3 y\u00eau c\u1ea7u b\u1ea1n \u0111\u0103ng k\u00fd ho\u1eb7c cung c\u1ea5p th\u00f4ng tin c\u00e1 nh\u00e2n.<\/li><li data-start=\"2690\" data-end=\"2770\">Ng\u01b0\u1eddi d\u00f9ng ph\u1ea3i cung c\u1ea5p th\u00f4ng tin ch\u00ednh x\u00e1c v\u00e0 c\u00f2n hi\u1ec7u l\u1ef1c khi \u0111\u0103ng k\u00fd.<\/li><li data-start=\"2690\" data-end=\"2770\">B\u1ea1n c\u00f3 tr\u00e1ch nhi\u1ec7m gi\u1eef b\u00ed m\u1eadt th\u00f4ng tin \u0111\u0103ng nh\u1eadp c\u1ee7a m\u00ecnh. RTC kh\u00f4ng ch\u1ecbu tr\u00e1ch nhi\u1ec7m \u0111\u1ed1i v\u1edbi vi\u1ec7c s\u1eed d\u1ee5ng tr\u00e1i ph\u00e9p t\u00e0i kho\u1ea3n ho\u1eb7c m\u1eadt kh\u1ea9u c\u1ee7a b\u1ea1n.<\/li><li data-start=\"2690\" data-end=\"2770\">M\u1ecdi d\u1eef li\u1ec7u c\u00e1 nh\u00e2n s\u1ebd \u0111\u01b0\u1ee3c x\u1eed l\u00fd theo <strong data-start=\"2227\" data-end=\"2256\">Ch\u00ednh s\u00e1ch Quy\u1ec1n ri\u00eang t\u01b0<\/strong> c\u1ee7a RTC.<\/li><\/ul>\t\t\t\t\t\t\t\t<\/div>\n\t\t\t\t<div class=\"elementor-element elementor-element-7a985056 elementor-widget elementor-widget-text-editor\" data-id=\"7a985056\" data-element_type=\"widget\" data-widget_type=\"text-editor.default\">\n\t\t\t\t\t\t\t\t\t<h3><strong>6. \u0110\u00f3ng g\u00f3p c\u1ee7a Ng\u01b0\u1eddi d\u00f9ng<br \/><\/strong><\/h3><ul><li>Ch\u00fang t\u00f4i hoan ngh\u00eanh c\u00e1c \u00fd ki\u1ebfn, \u0111\u1ec1 xu\u1ea5t v\u00e0 \u00fd t\u01b0\u1edfng nh\u1eb1m c\u1ea3i thi\u1ec7n trang web v\u00e0 c\u00e1c s\u00e1ng ki\u1ebfn c\u1ee7a RTC.<\/li><li>B\u1eb1ng vi\u1ec7c g\u1eedi ph\u1ea3n h\u1ed3i ho\u1eb7c n\u1ed9i dung kh\u00f4ng mang t\u00ednh b\u1ea3o m\u1eadt, b\u1ea1n cho ph\u00e9p RTC \u0111\u01b0\u1ee3c s\u1eed d\u1ee5ng c\u00e1c n\u1ed9i dung \u0111\u00f3 cho m\u1ee5c \u0111\u00edch truy\u1ec1n th\u00f4ng, c\u1ea3i ti\u1ebfn v\u00e0 qu\u1ea3ng b\u00e1 m\u00e0 kh\u00f4ng ph\u00e1t sinh ngh\u0129a v\u1ee5 hay kho\u1ea3n b\u1ed3i ho\u00e0n n\u00e0o.<\/li><\/ul>\t\t\t\t\t\t\t\t<\/div>\n\t\t\t\t<div class=\"elementor-element elementor-element-49a6c8e2 elementor-widget elementor-widget-text-editor\" data-id=\"49a6c8e2\" data-element_type=\"widget\" data-widget_type=\"text-editor.default\">\n\t\t\t\t\t\t\t\t\t<h3><strong>7. Gi\u1edbi h\u1ea1n Tr\u00e1ch nhi\u1ec7m\n<\/strong><\/h3>\nRTC, c\u00e1c \u0111\u1ed1i t\u00e1c v\u00e0 \u0111\u01a1n v\u1ecb li\u00ean k\u1ebft s\u1ebd kh\u00f4ng ch\u1ecbu tr\u00e1ch nhi\u1ec7m \u0111\u1ed1i v\u1edbi b\u1ea5t k\u1ef3 thi\u1ec7t h\u1ea1i tr\u1ef1c ti\u1ebfp ho\u1eb7c gi\u00e1n ti\u1ebfp, t\u1ed5n th\u1ea5t hay b\u1ea5t ti\u1ec7n n\u00e0o ph\u00e1t sinh t\u1eeb vi\u1ec7c s\u1eed d\u1ee5ng ho\u1eb7c kh\u00f4ng th\u1ec3 s\u1eed d\u1ee5ng trang web n\u00e0y hay c\u00e1c t\u00e0i li\u1ec7u tr\u00ean \u0111\u00f3.\t\t\t\t\t\t\t\t<\/div>\n\t\t\t\t<div class=\"elementor-element elementor-element-2f6b09f4 elementor-widget elementor-widget-text-editor\" data-id=\"2f6b09f4\" data-element_type=\"widget\" data-widget_type=\"text-editor.default\">\n\t\t\t\t\t\t\t\t\t<h3><strong>8. Thay \u0111\u1ed5i Th\u1ecfa thu\u1eadn n\u00e0y<br \/><\/strong><\/h3><p>RTC c\u00f3 quy\u1ec1n s\u1eeda \u0111\u1ed5i ho\u1eb7c c\u1eadp nh\u1eadt Th\u1ecfa thu\u1eadn Ng\u01b0\u1eddi d\u00f9ng b\u1ea5t c\u1ee9 l\u00fac n\u00e0o m\u00e0 kh\u00f4ng c\u1ea7n th\u00f4ng b\u00e1o tr\u01b0\u1edbc. Vi\u1ec7c b\u1ea1n ti\u1ebfp t\u1ee5c s\u1eed d\u1ee5ng trang web sau c\u00e1c thay \u0111\u1ed5i \u0111\u1ed3ng ngh\u0129a v\u1edbi vi\u1ec7c b\u1ea1n ch\u1ea5p nh\u1eadn c\u00e1c \u0111i\u1ec1u kho\u1ea3n \u0111\u00e3 c\u1eadp nh\u1eadt.<\/p>\t\t\t\t\t\t\t\t<\/div>\n\t\t\t\t<div class=\"elementor-element elementor-element-77b549be elementor-widget elementor-widget-text-editor\" data-id=\"77b549be\" data-element_type=\"widget\" data-widget_type=\"text-editor.default\">\n\t\t\t\t\t\t\t\t\t<p>M\u1ecdi c\u00e2u h\u1ecfi, y\u00eau c\u1ea7u xin ph\u00e9p ho\u1eb7c ph\u1ea3n h\u1ed3i li\u00ean quan \u0111\u1ebfn Th\u1ecfa thu\u1eadn Ng\u01b0\u1eddi d\u00f9ng n\u00e0y, vui l\u00f2ng <strong><a href=\"https:\/\/www.rtcvietnam.org\/vi\/lien-he\/\" target=\"_blank\" rel=\"noopener\">Li\u00ean H\u1ec7<\/a><\/strong> v\u1edbi ch\u00fang t\u00f4i.<\/p>\t\t\t\t\t\t\t\t<\/div>\n\t\t\t\t\t<\/div>\n\t\t\t\t<\/div>\n\t\t\t\t<\/div>\n\t\t","protected":false},"excerpt":{"rendered":"<p>Ch\u00e0o m\u1eebng b\u1ea1n \u0111\u1ebfn v\u1edbi trang web c\u1ee7a C\u00e2u l\u1ea1c b\u1ed9 Du l\u1ecbch C\u00f3 Tr\u00e1ch nhi\u1ec7m Vi\u1ec7t Nam (RTC) &#8211; m\u1ed9t m\u1ea1ng l\u01b0\u1edbi phi l\u1ee3i nhu\u1eadn c\u1ee7a c\u00e1c nh\u00e0 th\u1ef1c h\u00e0nh du l\u1ecbch c\u00f3 tr\u00e1ch nhi\u1ec7m, \u0111\u01b0\u1ee3c v\u1eadn h\u00e0nh v\u00e0 duy tr\u00ec b\u1edfi Ban Th\u01b0 k\u00fd RTC. Khi truy c\u1eadp v\u00e0 s\u1eed d\u1ee5ng trang web [&hellip;]<\/p>\n","protected":false},"author":11,"featured_media":2752,"parent":0,"menu_order":0,"comment_status":"closed","ping_status":"closed","template":"","meta":{"footnotes":""},"class_list":["post-2896","page","type-page","status-publish","has-post-thumbnail","hentry"],"yoast_head":"<!-- This site is optimized with the Yoast SEO plugin v19.9 - https:\/\/yoast.com\/wordpress\/plugins\/seo\/ -->\n<title>\u0110i\u1ec1u kho\u1ea3n s\u1eed d\u1ee5ng - The Responsible Travel Club of Vietnam - RTC<\/title>\n<meta name=\"robots\" content=\"index, follow, max-snippet:-1, max-image-preview:large, max-video-preview:-1\" \/>\n<link rel=\"canonical\" href=\"https:\/\/www.rtcvietnam.org\/vi\/dieu-khoan-su-dung\/\" \/>\n<meta property=\"og:locale\" content=\"en_US\" \/>\n<meta property=\"og:type\" content=\"article\" \/>\n<meta property=\"og:title\" content=\"\u0110i\u1ec1u kho\u1ea3n s\u1eed d\u1ee5ng - The Responsible Travel Club of Vietnam - RTC\" \/>\n<meta property=\"og:description\" content=\"Ch\u00e0o m\u1eebng b\u1ea1n \u0111\u1ebfn v\u1edbi trang web c\u1ee7a C\u00e2u l\u1ea1c b\u1ed9 Du l\u1ecbch C\u00f3 Tr\u00e1ch nhi\u1ec7m Vi\u1ec7t Nam (RTC) &#8211; m\u1ed9t m\u1ea1ng l\u01b0\u1edbi phi l\u1ee3i nhu\u1eadn c\u1ee7a c\u00e1c nh\u00e0 th\u1ef1c h\u00e0nh du l\u1ecbch c\u00f3 tr\u00e1ch nhi\u1ec7m, \u0111\u01b0\u1ee3c v\u1eadn h\u00e0nh v\u00e0 duy tr\u00ec b\u1edfi Ban Th\u01b0 k\u00fd RTC. Khi truy c\u1eadp v\u00e0 s\u1eed d\u1ee5ng trang web [&hellip;]\" \/>\n<meta property=\"og:url\" content=\"https:\/\/www.rtcvietnam.org\/vi\/dieu-khoan-su-dung\/\" \/>\n<meta property=\"og:site_name\" content=\"The Responsible Travel Club of Vietnam - RTC\" \/>\n<meta property=\"article:modified_time\" content=\"2025-10-21T02:13:36+00:00\" \/>\n<meta property=\"og:image\" content=\"https:\/\/www.rtcvietnam.org\/vi\/wp-content\/uploads\/2025\/10\/pexels-elina-araja-1743227-3377405-1.jpg\" \/>\n\t<meta property=\"og:image:width\" content=\"1800\" \/>\n\t<meta property=\"og:image:height\" content=\"1012\" \/>\n\t<meta property=\"og:image:type\" content=\"image\/jpeg\" \/>\n<script type=\"application\/ld+json\" class=\"yoast-schema-graph\">{\"@context\":\"https:\/\/schema.org\",\"@graph\":[{\"@type\":\"WebPage\",\"@id\":\"https:\/\/www.rtcvietnam.org\/vi\/dieu-khoan-su-dung\/\",\"url\":\"https:\/\/www.rtcvietnam.org\/vi\/dieu-khoan-su-dung\/\",\"name\":\"\u0110i\u1ec1u kho\u1ea3n s\u1eed d\u1ee5ng - The Responsible Travel Club of Vietnam - RTC\",\"isPartOf\":{\"@id\":\"https:\/\/www.rtcvietnam.org\/vi\/#website\"},\"datePublished\":\"2025-10-21T02:01:46+00:00\",\"dateModified\":\"2025-10-21T02:13:36+00:00\",\"breadcrumb\":{\"@id\":\"https:\/\/www.rtcvietnam.org\/vi\/dieu-khoan-su-dung\/#breadcrumb\"},\"inLanguage\":\"en-US\",\"potentialAction\":[{\"@type\":\"ReadAction\",\"target\":[\"https:\/\/www.rtcvietnam.org\/vi\/dieu-khoan-su-dung\/\"]}]},{\"@type\":\"BreadcrumbList\",\"@id\":\"https:\/\/www.rtcvietnam.org\/vi\/dieu-khoan-su-dung\/#breadcrumb\",\"itemListElement\":[{\"@type\":\"ListItem\",\"position\":1,\"name\":\"Home\",\"item\":\"https:\/\/www.rtcvietnam.org\/vi\/\"},{\"@type\":\"ListItem\",\"position\":2,\"name\":\"\u0110i\u1ec1u kho\u1ea3n s\u1eed d\u1ee5ng\"}]},{\"@type\":\"WebSite\",\"@id\":\"https:\/\/www.rtcvietnam.org\/vi\/#website\",\"url\":\"https:\/\/www.rtcvietnam.org\/vi\/\",\"name\":\"The Responsible Travel Club of Vietnam - RTC\",\"description\":\"\",\"publisher\":{\"@id\":\"https:\/\/www.rtcvietnam.org\/vi\/#organization\"},\"potentialAction\":[{\"@type\":\"SearchAction\",\"target\":{\"@type\":\"EntryPoint\",\"urlTemplate\":\"https:\/\/www.rtcvietnam.org\/vi\/?s={search_term_string}\"},\"query-input\":\"required name=search_term_string\"}],\"inLanguage\":\"en-US\"},{\"@type\":\"Organization\",\"@id\":\"https:\/\/www.rtcvietnam.org\/vi\/#organization\",\"name\":\"The Responsible Travel Club of Vietnam - RTC\",\"url\":\"https:\/\/www.rtcvietnam.org\/vi\/\",\"logo\":{\"@type\":\"ImageObject\",\"inLanguage\":\"en-US\",\"@id\":\"https:\/\/www.rtcvietnam.org\/vi\/#\/schema\/logo\/image\/\",\"url\":\"https:\/\/www.rtcvietnam.org\/vi\/wp-content\/uploads\/2025\/10\/rtc1.jpg\",\"contentUrl\":\"https:\/\/www.rtcvietnam.org\/vi\/wp-content\/uploads\/2025\/10\/rtc1.jpg\",\"width\":300,\"height\":300,\"caption\":\"The Responsible Travel Club of Vietnam - RTC\"},\"image\":{\"@id\":\"https:\/\/www.rtcvietnam.org\/vi\/#\/schema\/logo\/image\/\"}}]}<\/script>\n<!-- \/ Yoast SEO plugin. -->","yoast_head_json":{"title":"\u0110i\u1ec1u kho\u1ea3n s\u1eed d\u1ee5ng - The Responsible Travel Club of Vietnam - RTC","robots":{"index":"index","follow":"follow","max-snippet":"max-snippet:-1","max-image-preview":"max-image-preview:large","max-video-preview":"max-video-preview:-1"},"canonical":"https:\/\/www.rtcvietnam.org\/vi\/dieu-khoan-su-dung\/","og_locale":"en_US","og_type":"article","og_title":"\u0110i\u1ec1u kho\u1ea3n s\u1eed d\u1ee5ng - The Responsible Travel Club of Vietnam - RTC","og_description":"Ch\u00e0o m\u1eebng b\u1ea1n \u0111\u1ebfn v\u1edbi trang web c\u1ee7a C\u00e2u l\u1ea1c b\u1ed9 Du l\u1ecbch C\u00f3 Tr\u00e1ch nhi\u1ec7m Vi\u1ec7t Nam (RTC) &#8211; m\u1ed9t m\u1ea1ng l\u01b0\u1edbi phi l\u1ee3i nhu\u1eadn c\u1ee7a c\u00e1c nh\u00e0 th\u1ef1c h\u00e0nh du l\u1ecbch c\u00f3 tr\u00e1ch nhi\u1ec7m, \u0111\u01b0\u1ee3c v\u1eadn h\u00e0nh v\u00e0 duy tr\u00ec b\u1edfi Ban Th\u01b0 k\u00fd RTC. Khi truy c\u1eadp v\u00e0 s\u1eed d\u1ee5ng trang web [&hellip;]","og_url":"https:\/\/www.rtcvietnam.org\/vi\/dieu-khoan-su-dung\/","og_site_name":"The Responsible Travel Club of Vietnam - RTC","article_modified_time":"2025-10-21T02:13:36+00:00","og_image":[{"width":1800,"height":1012,"url":"https:\/\/www.rtcvietnam.org\/vi\/wp-content\/uploads\/2025\/10\/pexels-elina-araja-1743227-3377405-1.jpg","type":"image\/jpeg"}],"schema":{"@context":"https:\/\/schema.org","@graph":[{"@type":"WebPage","@id":"https:\/\/www.rtcvietnam.org\/vi\/dieu-khoan-su-dung\/","url":"https:\/\/www.rtcvietnam.org\/vi\/dieu-khoan-su-dung\/","name":"\u0110i\u1ec1u kho\u1ea3n s\u1eed d\u1ee5ng - The Responsible Travel Club of Vietnam - RTC","isPartOf":{"@id":"https:\/\/www.rtcvietnam.org\/vi\/#website"},"datePublished":"2025-10-21T02:01:46+00:00","dateModified":"2025-10-21T02:13:36+00:00","breadcrumb":{"@id":"https:\/\/www.rtcvietnam.org\/vi\/dieu-khoan-su-dung\/#breadcrumb"},"inLanguage":"en-US","potentialAction":[{"@type":"ReadAction","target":["https:\/\/www.rtcvietnam.org\/vi\/dieu-khoan-su-dung\/"]}]},{"@type":"BreadcrumbList","@id":"https:\/\/www.rtcvietnam.org\/vi\/dieu-khoan-su-dung\/#breadcrumb","itemListElement":[{"@type":"ListItem","position":1,"name":"Home","item":"https:\/\/www.rtcvietnam.org\/vi\/"},{"@type":"ListItem","position":2,"name":"\u0110i\u1ec1u kho\u1ea3n s\u1eed d\u1ee5ng"}]},{"@type":"WebSite","@id":"https:\/\/www.rtcvietnam.org\/vi\/#website","url":"https:\/\/www.rtcvietnam.org\/vi\/","name":"The Responsible Travel Club of Vietnam - RTC","description":"","publisher":{"@id":"https:\/\/www.rtcvietnam.org\/vi\/#organization"},"potentialAction":[{"@type":"SearchAction","target":{"@type":"EntryPoint","urlTemplate":"https:\/\/www.rtcvietnam.org\/vi\/?s={search_term_string}"},"query-input":"required name=search_term_string"}],"inLanguage":"en-US"},{"@type":"Organization","@id":"https:\/\/www.rtcvietnam.org\/vi\/#organization","name":"The Responsible Travel Club of Vietnam - RTC","url":"https:\/\/www.rtcvietnam.org\/vi\/","logo":{"@type":"ImageObject","inLanguage":"en-US","@id":"https:\/\/www.rtcvietnam.org\/vi\/#\/schema\/logo\/image\/","url":"https:\/\/www.rtcvietnam.org\/vi\/wp-content\/uploads\/2025\/10\/rtc1.jpg","contentUrl":"https:\/\/www.rtcvietnam.org\/vi\/wp-content\/uploads\/2025\/10\/rtc1.jpg","width":300,"height":300,"caption":"The Responsible Travel Club of Vietnam - RTC"},"image":{"@id":"https:\/\/www.rtcvietnam.org\/vi\/#\/schema\/logo\/image\/"}}]}},"_links":{"self":[{"href":"https:\/\/www.rtcvietnam.org\/vi\/wp-json\/wp\/v2\/pages\/2896","targetHints":{"allow":["GET"]}}],"collection":[{"href":"https:\/\/www.rtcvietnam.org\/vi\/wp-json\/wp\/v2\/pages"}],"about":[{"href":"https:\/\/www.rtcvietnam.org\/vi\/wp-json\/wp\/v2\/types\/page"}],"author":[{"embeddable":true,"href":"https:\/\/www.rtcvietnam.org\/vi\/wp-json\/wp\/v2\/users\/11"}],"replies":[{"embeddable":true,"href":"https:\/\/www.rtcvietnam.org\/vi\/wp-json\/wp\/v2\/comments?post=2896"}],"version-history":[{"count":4,"href":"https:\/\/www.rtcvietnam.org\/vi\/wp-json\/wp\/v2\/pages\/2896\/revisions"}],"predecessor-version":[{"id":2903,"href":"https:\/\/www.rtcvietnam.org\/vi\/wp-json\/wp\/v2\/pages\/2896\/revisions\/2903"}],"wp:featuredmedia":[{"embeddable":true,"href":"https:\/\/www.rtcvietnam.org\/vi\/wp-json\/wp\/v2\/media\/2752"}],"wp:attachment":[{"href":"https:\/\/www.rtcvietnam.org\/vi\/wp-json\/wp\/v2\/media?parent=2896"}],"curies":[{"name":"wp","href":"https:\/\/api.w.org\/{rel}","templated":true}]}}