{"id":2623,"date":"2025-10-18T04:54:07","date_gmt":"2025-10-18T04:54:07","guid":{"rendered":"https:\/\/www.rtcvietnam.org\/vi\/?page_id=2623"},"modified":"2025-10-21T10:11:39","modified_gmt":"2025-10-21T10:11:39","slug":"lien-he","status":"publish","type":"page","link":"https:\/\/www.rtcvietnam.org\/vi\/lien-he\/","title":{"rendered":"Li\u00ean H\u1ec7"},"content":{"rendered":"\t\t<div data-elementor-type=\"wp-page\" data-elementor-id=\"2623\" class=\"elementor elementor-2623\" data-elementor-post-type=\"page\">\n\t\t\t\t<div class=\"elementor-element elementor-element-69e20c3c e-con-full e-flex e-con e-parent\" data-id=\"69e20c3c\" data-element_type=\"container\">\n\t\t\t\t<div class=\"elementor-element elementor-element-29a66f82 elementor-widget elementor-widget-heading\" data-id=\"29a66f82\" data-element_type=\"widget\" data-widget_type=\"heading.default\">\n\t\t\t\t\t<h2 class=\"elementor-heading-title elementor-size-default\">C\u00e2u L\u1ea1c B\u1ed9 Du l\u1ecbch Tr\u00e1ch Nhi\u1ec7m Vi\u1ec7t Nam<\/h2>\t\t\t\t<\/div>\n\t\t\t\t<div class=\"elementor-element elementor-element-403412e elementor-widget__width-initial elementor-widget elementor-widget-image\" data-id=\"403412e\" data-element_type=\"widget\" data-widget_type=\"image.default\">\n\t\t\t\t\t\t\t\t\t\t\t\t\t\t\t<img decoding=\"async\" src=\"https:\/\/www.rtcvietnam.org\/vi\/wp-content\/uploads\/2025\/10\/rtc1.jpg\" title=\"RTC logo\" alt=\"RTC logo\" loading=\"lazy\" \/>\t\t\t\t\t\t\t\t\t\t\t\t\t\t\t<\/div>\n\t\t\t\t<\/div>\n\t\t<div class=\"elementor-element elementor-element-308d23d e-flex e-con-boxed e-con e-parent\" data-id=\"308d23d\" data-element_type=\"container\">\n\t\t\t\t\t<div class=\"e-con-inner\">\n\t\t\t\t<div class=\"elementor-element elementor-element-f3b2493 elementor-widget elementor-widget-shortcode\" data-id=\"f3b2493\" data-element_type=\"widget\" data-widget_type=\"shortcode.default\">\n\t\t\t\t\t\t\t<div class=\"elementor-shortcode\"><div role=\"form\" class=\"wpcf7\" id=\"wpcf7-f2967-o1\" lang=\"en-US\" dir=\"ltr\">\n<div class=\"screen-reader-response\"><p role=\"status\" aria-live=\"polite\" aria-atomic=\"true\"><\/p> <ul><\/ul><\/div>\n<form action=\"\/vi\/wp-json\/wp\/v2\/pages\/2623#wpcf7-f2967-o1\" method=\"post\" class=\"wpcf7-form init\" novalidate=\"novalidate\" data-status=\"init\">\n<div style=\"display: none;\">\n<input type=\"hidden\" name=\"_wpcf7\" value=\"2967\" \/>\n<input type=\"hidden\" name=\"_wpcf7_version\" value=\"5.6.4\" \/>\n<input type=\"hidden\" name=\"_wpcf7_locale\" value=\"en_US\" \/>\n<input type=\"hidden\" name=\"_wpcf7_unit_tag\" value=\"wpcf7-f2967-o1\" \/>\n<input type=\"hidden\" name=\"_wpcf7_container_post\" value=\"0\" \/>\n<input type=\"hidden\" name=\"_wpcf7_posted_data_hash\" value=\"\" \/>\n<\/div>\n<p><!DOCTYPE html><br \/>\n<html lang=\"vi\"><br \/>\n<head><br \/>\n  <meta charset=\"UTF-8\"><br \/>\n  <meta name=\"viewport\" content=\"width=device-width, initial-scale=1.0\"><br \/>\n  <title>Contact Form<\/title><\/p>\n<style>\n    .contact-form-wrapper {\n      max-width: 750px;\n      margin: 0 auto;\n      padding: 40px;\n      background: #fff;\n      border-radius: 12px;\n      box-shadow: 0 2px 10px rgba(0,0,0,0.1);\n    }\n    .contact-form-wrapper h2 {\n      text-align: center;\n      color: #1a3d2e;\n      font-size: 28px;\n      font-weight: 700;\n      margin-bottom: 40px;\n    }\n    .contact-form-wrapper label {\n      display: block;\n      color: #1a3d2e;\n      font-weight: 600;\n      font-size: 16px;\n      margin-bottom: 8px;\n      margin-top: 20px;\n    }\n    .contact-form-wrapper label:first-of-type {\n      margin-top: 0;\n    }\n    .contact-form-wrapper .required {\n      color: #d32f2f;\n    }\n    .contact-form-wrapper input[type=\"text\"],\n    .contact-form-wrapper input[type=\"email\"],\n    .contact-form-wrapper textarea {\n      width: 100%;\n      padding: 12px 16px;\n      border: 1px solid #ddd;\n      border-radius: 8px;\n      font-size: 15px;\n      color: #333;\n      background: #fafafa;\n      transition: all 0.3s ease;\n      box-sizing: border-box;\n    }\n    .contact-form-wrapper input[type=\"text\"]:focus,\n    .contact-form-wrapper input[type=\"email\"]:focus,\n    .contact-form-wrapper textarea:focus {\n      outline: none;\n      border-color: #5a7a4d;\n      background: #fff;\n    }\n    .contact-form-wrapper textarea {\n      min-height: 200px;\n      resize: vertical;\n      font-family: inherit;\n    }\n    .contact-form-wrapper .form-row {\n      display: grid;\n      grid-template-columns: 1fr 1fr;\n      gap: 20px;\n      margin-top: 20px;\n    }\n    .contact-form-wrapper .form-col {\n      width: 100%;\n    }\n    .contact-form-wrapper input[type=\"submit\"] {\n      display: block;\n      margin: 30px auto 0;\n      padding: 14px 40px;\n      background: linear-gradient(90deg, #2a4126 0%, #5a7a4d 100%); \/* Adjusted gradient to match image *\/\n      color: #fff;\n      border: none;\n      border-radius: 25px;\n      font-size: 16px;\n      font-weight: 600;\n      cursor: pointer;\n      transition: all 0.3s ease;\n      box-shadow: 0 4px 15px rgba(90, 122, 77, 0.3);\n    }\n    .contact-form-wrapper input[type=\"submit\"]:hover {\n      background: linear-gradient(90deg, #1e2f1c 0%, #406a3a 100%); \/* Darker gradient on hover *\/\n      transform: translateY(-2px);\n      box-shadow: 0 6px 20px rgba(90, 122, 77, 0.4);\n    }\n    \/* Responsive *\/\n    @media (max-width: 768px) {\n      .contact-form-wrapper {\n        padding: 30px 20px;\n      }\n      .contact-form-wrapper .form-row {\n        grid-template-columns: 1fr;\n      }\n      .contact-form-wrapper h2 {\n        font-size: 24px;\n      }\n    }\n    \/* \u1ea8n c\u00e1c th\u00f4ng b\u00e1o m\u1eb7c \u0111\u1ecbnh c\u1ee7a CF7 n\u1ebfu mu\u1ed1n *\/\n    .contact-form-wrapper .wpcf7-response-output {\n      margin: 20px 0 0;\n      padding: 12px;\n      border-radius: 8px;\n    }\n  <\/style>\n<p><\/head><br \/>\n<body><\/p>\n<div class=\"contact-form-wrapper\">\n<h2>Li\u00ean H\u1ec7<\/h2>\n<p>    <label>Ch\u1ee7 \u0111\u1ec1 <span class=\"required\">*<\/span><\/label><br \/>\n    <input type=\"text\" name=\"subject\" placeholder=\"Y\u00eau c\u1ea7u\/\u0110\u0103ng k\u00fd th\u00e0nh vi\u00ean\" required><\/p>\n<div class=\"form-row\">\n<div class=\"form-col\">\n        <label>H\u1ecd v\u00e0 t\u00ean <span class=\"required\">*<\/span><\/label><br \/>\n        <input type=\"text\" name=\"your-name\" placeholder=\"Nguy\u1ec5n V\u0103n A\" required>\n      <\/div>\n<div class=\"form-col\">\n        <label>Email<span class=\"required\">*<\/span><\/label><br \/>\n        <input type=\"email\" name=\"your-email\" placeholder=\"ten@email.com\" required>\n      <\/div>\n<\/div>\n<p>    <label>N\u1ed9i dung tin nh\u1eafn<\/label><br \/>\n    <textarea name=\"your-message\" placeholder=\"Cho ch\u00fang t\u00f4i bi\u1ebft th\u00eam...\"><\/textarea><\/p>\n<p>    <input type=\"submit\" value=\"G\u1eedi tin nh\u1eafn\">\n  <\/div>\n<p><\/body><br \/>\n<\/html><\/p>\n<div class=\"wpcf7-response-output\" aria-hidden=\"true\"><\/div><\/form><\/div><\/div>\n\t\t\t\t\t\t<\/div>\n\t\t\t\t\t<\/div>\n\t\t\t\t<\/div>\n\t\t<div class=\"elementor-element elementor-element-34bedf5 e-flex e-con-boxed e-con e-parent\" data-id=\"34bedf5\" data-element_type=\"container\">\n\t\t\t\t\t<div class=\"e-con-inner\">\n\t\t\t\t<div class=\"elementor-element elementor-element-7e3927ce elementor-widget__width-initial elementor-widget elementor-widget-text-editor\" data-id=\"7e3927ce\" data-element_type=\"widget\" data-widget_type=\"text-editor.default\">\n\t\t\t\t\t\t\t\t\t<p><b>\u0110\u1ecba ch\u1ec9: <\/b>S\u1ed1 10A L\u00fd Nam \u0110\u1ebf, H\u00e0 N\u1ed9i, Vi\u1ec7t Nam<\/p><p><b>\u0110i\u1ec7n tho\u1ea1i:<\/b> +84 96 3134 410<\/p><p><span style=\"font-weight: bold;\">Email<\/span>: info@rtcvietnam.org<\/p><p><b>Website<\/b>: www.rtcvietnam.org<\/p>\t\t\t\t\t\t\t\t<\/div>\n\t\t\t\t\t<\/div>\n\t\t\t\t<\/div>\n\t\t<div class=\"elementor-element elementor-element-3546569 e-con-full e-flex e-con e-parent\" data-id=\"3546569\" data-element_type=\"container\">\n\t\t\t\t<div class=\"elementor-element elementor-element-30aec699 elementor-widget elementor-widget-text-editor\" data-id=\"30aec699\" data-element_type=\"widget\" data-widget_type=\"text-editor.default\">\n\t\t\t\t\t\t\t\t\t<iframe src=\"https:\/\/www.google.com\/maps\/embed?pb=!1m18!1m12!1m3!1d232.74098454702764!2d105.84572675383657!3d21.038456936603374!2m3!1f0!2f0!3f0!3m2!1i1024!2i768!4f13.1!3m3!1m2!1s0x3135abbbc2ff25c1%3A0xbf9bcd814ceb3d84!2zMTBBIFAuIEzDvSBOYW0gxJDhur8sIFF1w6FuIFRow6FuaCwgSG_DoG4gS2nhur9tLCBIw6AgTuG7mWksIFZp4buHdCBOYW0!5e0!3m2!1svi!2s!4v1760693748257!5m2!1svi!2s\" width=\"600\" height=\"450\" style=\"border:0;\" allowfullscreen=\"\" loading=\"lazy\" referrerpolicy=\"no-referrer-when-downgrade\"><\/iframe>\t\t\t\t\t\t\t\t<\/div>\n\t\t\t\t<\/div>\n\t\t\t\t<\/div>\n\t\t","protected":false},"excerpt":{"rendered":"<p>C\u00e2u L\u1ea1c B\u1ed9 Du l\u1ecbch Tr\u00e1ch Nhi\u1ec7m Vi\u1ec7t Nam \u0110\u1ecba ch\u1ec9: S\u1ed1 10A L\u00fd Nam \u0110\u1ebf, H\u00e0 N\u1ed9i, Vi\u1ec7t Nam \u0110i\u1ec7n tho\u1ea1i: +84 96 3134 410 Email: info@rtcvietnam.org Website: www.rtcvietnam.org<\/p>\n","protected":false},"author":11,"featured_media":2752,"parent":0,"menu_order":0,"comment_status":"closed","ping_status":"closed","template":"","meta":{"footnotes":""},"class_list":["post-2623","page","type-page","status-publish","has-post-thumbnail","hentry"],"yoast_head":"<!-- This site is optimized with the Yoast SEO plugin v19.9 - https:\/\/yoast.com\/wordpress\/plugins\/seo\/ -->\n<title>Li\u00ean H\u1ec7 - The Responsible Travel Club of Vietnam - RTC<\/title>\n<meta name=\"robots\" content=\"index, follow, max-snippet:-1, max-image-preview:large, max-video-preview:-1\" \/>\n<link rel=\"canonical\" href=\"https:\/\/www.rtcvietnam.org\/vi\/lien-he\/\" \/>\n<meta property=\"og:locale\" content=\"en_US\" \/>\n<meta property=\"og:type\" content=\"article\" \/>\n<meta property=\"og:title\" content=\"Li\u00ean H\u1ec7 - The Responsible Travel Club of Vietnam - RTC\" \/>\n<meta property=\"og:description\" content=\"C\u00e2u L\u1ea1c B\u1ed9 Du l\u1ecbch Tr\u00e1ch Nhi\u1ec7m Vi\u1ec7t Nam \u0110\u1ecba ch\u1ec9: S\u1ed1 10A L\u00fd Nam \u0110\u1ebf, H\u00e0 N\u1ed9i, Vi\u1ec7t Nam \u0110i\u1ec7n tho\u1ea1i: +84 96 3134 410 Email: info@rtcvietnam.org Website: www.rtcvietnam.org\" \/>\n<meta property=\"og:url\" content=\"https:\/\/www.rtcvietnam.org\/vi\/lien-he\/\" \/>\n<meta property=\"og:site_name\" content=\"The Responsible Travel Club of Vietnam - RTC\" \/>\n<meta property=\"article:modified_time\" content=\"2025-10-21T10:11:39+00:00\" \/>\n<meta property=\"og:image\" content=\"https:\/\/www.rtcvietnam.org\/vi\/wp-content\/uploads\/2025\/10\/pexels-elina-araja-1743227-3377405-1.jpg\" \/>\n\t<meta property=\"og:image:width\" content=\"1800\" \/>\n\t<meta property=\"og:image:height\" content=\"1012\" \/>\n\t<meta property=\"og:image:type\" content=\"image\/jpeg\" \/>\n<script type=\"application\/ld+json\" class=\"yoast-schema-graph\">{\"@context\":\"https:\/\/schema.org\",\"@graph\":[{\"@type\":\"WebPage\",\"@id\":\"https:\/\/www.rtcvietnam.org\/vi\/lien-he\/\",\"url\":\"https:\/\/www.rtcvietnam.org\/vi\/lien-he\/\",\"name\":\"Li\u00ean H\u1ec7 - The Responsible Travel Club of Vietnam - RTC\",\"isPartOf\":{\"@id\":\"http:\/\/www.rtcvietnam.org\/vi\/#website\"},\"datePublished\":\"2025-10-18T04:54:07+00:00\",\"dateModified\":\"2025-10-21T10:11:39+00:00\",\"breadcrumb\":{\"@id\":\"https:\/\/www.rtcvietnam.org\/vi\/lien-he\/#breadcrumb\"},\"inLanguage\":\"en-US\",\"potentialAction\":[{\"@type\":\"ReadAction\",\"target\":[\"https:\/\/www.rtcvietnam.org\/vi\/lien-he\/\"]}]},{\"@type\":\"BreadcrumbList\",\"@id\":\"https:\/\/www.rtcvietnam.org\/vi\/lien-he\/#breadcrumb\",\"itemListElement\":[{\"@type\":\"ListItem\",\"position\":1,\"name\":\"Home\",\"item\":\"http:\/\/www.rtcvietnam.org\/vi\/\"},{\"@type\":\"ListItem\",\"position\":2,\"name\":\"Li\u00ean H\u1ec7\"}]},{\"@type\":\"WebSite\",\"@id\":\"http:\/\/www.rtcvietnam.org\/vi\/#website\",\"url\":\"http:\/\/www.rtcvietnam.org\/vi\/\",\"name\":\"The Responsible Travel Club of Vietnam - RTC\",\"description\":\"\",\"publisher\":{\"@id\":\"http:\/\/www.rtcvietnam.org\/vi\/#organization\"},\"potentialAction\":[{\"@type\":\"SearchAction\",\"target\":{\"@type\":\"EntryPoint\",\"urlTemplate\":\"http:\/\/www.rtcvietnam.org\/vi\/?s={search_term_string}\"},\"query-input\":\"required name=search_term_string\"}],\"inLanguage\":\"en-US\"},{\"@type\":\"Organization\",\"@id\":\"http:\/\/www.rtcvietnam.org\/vi\/#organization\",\"name\":\"The Responsible Travel Club of Vietnam - RTC\",\"url\":\"http:\/\/www.rtcvietnam.org\/vi\/\",\"logo\":{\"@type\":\"ImageObject\",\"inLanguage\":\"en-US\",\"@id\":\"http:\/\/www.rtcvietnam.org\/vi\/#\/schema\/logo\/image\/\",\"url\":\"https:\/\/www.rtcvietnam.org\/vi\/wp-content\/uploads\/2025\/10\/rtc1.jpg\",\"contentUrl\":\"https:\/\/www.rtcvietnam.org\/vi\/wp-content\/uploads\/2025\/10\/rtc1.jpg\",\"width\":300,\"height\":300,\"caption\":\"The Responsible Travel Club of Vietnam - RTC\"},\"image\":{\"@id\":\"http:\/\/www.rtcvietnam.org\/vi\/#\/schema\/logo\/image\/\"}}]}<\/script>\n<!-- \/ Yoast SEO plugin. -->","yoast_head_json":{"title":"Li\u00ean H\u1ec7 - The Responsible Travel Club of Vietnam - RTC","robots":{"index":"index","follow":"follow","max-snippet":"max-snippet:-1","max-image-preview":"max-image-preview:large","max-video-preview":"max-video-preview:-1"},"canonical":"https:\/\/www.rtcvietnam.org\/vi\/lien-he\/","og_locale":"en_US","og_type":"article","og_title":"Li\u00ean H\u1ec7 - The Responsible Travel Club of Vietnam - RTC","og_description":"C\u00e2u L\u1ea1c B\u1ed9 Du l\u1ecbch Tr\u00e1ch Nhi\u1ec7m Vi\u1ec7t Nam \u0110\u1ecba ch\u1ec9: S\u1ed1 10A L\u00fd Nam \u0110\u1ebf, H\u00e0 N\u1ed9i, Vi\u1ec7t Nam \u0110i\u1ec7n tho\u1ea1i: +84 96 3134 410 Email: info@rtcvietnam.org Website: www.rtcvietnam.org","og_url":"https:\/\/www.rtcvietnam.org\/vi\/lien-he\/","og_site_name":"The Responsible Travel Club of Vietnam - RTC","article_modified_time":"2025-10-21T10:11:39+00:00","og_image":[{"width":1800,"height":1012,"url":"https:\/\/www.rtcvietnam.org\/vi\/wp-content\/uploads\/2025\/10\/pexels-elina-araja-1743227-3377405-1.jpg","type":"image\/jpeg"}],"schema":{"@context":"https:\/\/schema.org","@graph":[{"@type":"WebPage","@id":"https:\/\/www.rtcvietnam.org\/vi\/lien-he\/","url":"https:\/\/www.rtcvietnam.org\/vi\/lien-he\/","name":"Li\u00ean H\u1ec7 - The Responsible Travel Club of Vietnam - RTC","isPartOf":{"@id":"http:\/\/www.rtcvietnam.org\/vi\/#website"},"datePublished":"2025-10-18T04:54:07+00:00","dateModified":"2025-10-21T10:11:39+00:00","breadcrumb":{"@id":"https:\/\/www.rtcvietnam.org\/vi\/lien-he\/#breadcrumb"},"inLanguage":"en-US","potentialAction":[{"@type":"ReadAction","target":["https:\/\/www.rtcvietnam.org\/vi\/lien-he\/"]}]},{"@type":"BreadcrumbList","@id":"https:\/\/www.rtcvietnam.org\/vi\/lien-he\/#breadcrumb","itemListElement":[{"@type":"ListItem","position":1,"name":"Home","item":"http:\/\/www.rtcvietnam.org\/vi\/"},{"@type":"ListItem","position":2,"name":"Li\u00ean H\u1ec7"}]},{"@type":"WebSite","@id":"http:\/\/www.rtcvietnam.org\/vi\/#website","url":"http:\/\/www.rtcvietnam.org\/vi\/","name":"The Responsible Travel Club of Vietnam - RTC","description":"","publisher":{"@id":"http:\/\/www.rtcvietnam.org\/vi\/#organization"},"potentialAction":[{"@type":"SearchAction","target":{"@type":"EntryPoint","urlTemplate":"http:\/\/www.rtcvietnam.org\/vi\/?s={search_term_string}"},"query-input":"required name=search_term_string"}],"inLanguage":"en-US"},{"@type":"Organization","@id":"http:\/\/www.rtcvietnam.org\/vi\/#organization","name":"The Responsible Travel Club of Vietnam - RTC","url":"http:\/\/www.rtcvietnam.org\/vi\/","logo":{"@type":"ImageObject","inLanguage":"en-US","@id":"http:\/\/www.rtcvietnam.org\/vi\/#\/schema\/logo\/image\/","url":"https:\/\/www.rtcvietnam.org\/vi\/wp-content\/uploads\/2025\/10\/rtc1.jpg","contentUrl":"https:\/\/www.rtcvietnam.org\/vi\/wp-content\/uploads\/2025\/10\/rtc1.jpg","width":300,"height":300,"caption":"The Responsible Travel Club of Vietnam - RTC"},"image":{"@id":"http:\/\/www.rtcvietnam.org\/vi\/#\/schema\/logo\/image\/"}}]}},"_links":{"self":[{"href":"https:\/\/www.rtcvietnam.org\/vi\/wp-json\/wp\/v2\/pages\/2623","targetHints":{"allow":["GET"]}}],"collection":[{"href":"https:\/\/www.rtcvietnam.org\/vi\/wp-json\/wp\/v2\/pages"}],"about":[{"href":"https:\/\/www.rtcvietnam.org\/vi\/wp-json\/wp\/v2\/types\/page"}],"author":[{"embeddable":true,"href":"https:\/\/www.rtcvietnam.org\/vi\/wp-json\/wp\/v2\/users\/11"}],"replies":[{"embeddable":true,"href":"https:\/\/www.rtcvietnam.org\/vi\/wp-json\/wp\/v2\/comments?post=2623"}],"version-history":[{"count":34,"href":"https:\/\/www.rtcvietnam.org\/vi\/wp-json\/wp\/v2\/pages\/2623\/revisions"}],"predecessor-version":[{"id":3005,"href":"https:\/\/www.rtcvietnam.org\/vi\/wp-json\/wp\/v2\/pages\/2623\/revisions\/3005"}],"wp:featuredmedia":[{"embeddable":true,"href":"https:\/\/www.rtcvietnam.org\/vi\/wp-json\/wp\/v2\/media\/2752"}],"wp:attachment":[{"href":"https:\/\/www.rtcvietnam.org\/vi\/wp-json\/wp\/v2\/media?parent=2623"}],"curies":[{"name":"wp","href":"https:\/\/api.w.org\/{rel}","templated":true}]}}