{"id":1661,"date":"2017-09-28T03:18:52","date_gmt":"2017-09-28T03:18:52","guid":{"rendered":"http:\/\/www.rtcvietnam.org\/vi\/?page_id=1661"},"modified":"2025-10-20T06:17:25","modified_gmt":"2025-10-20T06:17:25","slug":"cho-du-khach","status":"publish","type":"page","link":"https:\/\/www.rtcvietnam.org\/vi\/cho-du-khach\/","title":{"rendered":"Cho Du kh\u00e1ch"},"content":{"rendered":"\t\t<div data-elementor-type=\"wp-page\" data-elementor-id=\"1661\" class=\"elementor elementor-1661\" data-elementor-post-type=\"page\">\n\t\t\t\t<div class=\"elementor-element elementor-element-a5b64e6 e-flex e-con-boxed e-con e-parent\" data-id=\"a5b64e6\" data-element_type=\"container\">\n\t\t\t\t\t<div class=\"e-con-inner\">\n\t\t\t\t<div class=\"elementor-element elementor-element-2945e1f elementor-widget elementor-widget-heading\" data-id=\"2945e1f\" data-element_type=\"widget\" data-widget_type=\"heading.default\">\n\t\t\t\t\t<h2 class=\"elementor-heading-title elementor-size-default\">B\u1ea3o t\u1ed3n M\u00f4i tr\u01b0\u1eddng v\u00e0 T\u00ednh b\u1ec1n v\u1eefng<\/h2>\t\t\t\t<\/div>\n\t\t<div class=\"elementor-element elementor-element-6b63e5c e-grid e-con-full e-con e-child\" data-id=\"6b63e5c\" data-element_type=\"container\">\n\t\t\t\t<div class=\"elementor-element elementor-element-ea09015 elementor-widget elementor-widget-text-editor\" data-id=\"ea09015\" data-element_type=\"widget\" data-widget_type=\"text-editor.default\">\n\t\t\t\t\t\t\t\t\t<ul><li>N\u00f3i kh\u00f4ng v\u1edbi c\u00e1c lo\u1ea1i th\u1ef1c ph\u1ea9m \u0111e d\u1ecda \u0111\u1ebfn \u0111\u1ed9ng v\u1eadt hoang d\u00e3 v\u00e0 nh\u1eefng lo\u00e0i c\u00f3 nguy c\u01a1 tuy\u1ec7t ch\u1ee7ng, h\u00e3y ch\u1ecdn th\u1ef1c ph\u1ea9m h\u1eefu c\u01a1.<\/li><li>N\u00f3i kh\u00f4ng v\u1edbi s\u1ea3n ph\u1ea9m l\u00e0m \u0111\u1ed9ng th\u1ef1c v\u1eadt c\u00f3 nguy c\u01a1 tuy\u1ec7t ch\u1ee7ng ch\u1eb3ng h\u1ea1n nh\u01b0 ng\u00e0 voi, mai r\u00f9a v\u00e0 da \u0111\u1ed9ng v\u1eadt hoang d\u00e3.<\/li><li>T\u1eaft m\u00e1y \u0111i\u1ec1u h\u00f2a, qu\u1ea1t, \u0111\u00e8n chi\u1ebfu s\u00e1ng v\u00e0 c\u00e1c thi\u1ebft b\u1ecb \u0111i\u1ec7n kh\u00e1c khi r\u1eddi kh\u1ecfi ph\u00f2ng kh\u00e1ch s\u1ea1n ho\u1eb7c nh\u00e0 ngh\u1ec9.<\/li><li>Khi \u0111i tham quan c\u00e1c r\u1ea1n san h\u00f4, \u0111\u1eebng ch\u1ea1m v\u00e0o ch\u00fang ho\u1eb7c mang v\u1ec1 nh\u00e0.<\/li><li>\u00dd th\u1ee9c v\u1ec1 l\u01b0\u1ee3ng r\u00e1c m\u00ecnh x\u1ea3 th\u1ea3i v\u00e0 th\u1ef1c h\u00e0nh 3R: Reduce, Reuse, Recycle (gi\u1ea3m thi\u1ec3u, t\u00e1i s\u1eed d\u1ee5ng v\u00e0 t\u00e1i ch\u1ebf r\u00e1c th\u1ea3i)<\/li><li>Ghi nh\u1edb &#8216;kh\u00f4ng \u0111\u1ec3 l\u1ea1i d\u1ea5u v\u1ebft. \u0110i theo nh\u1eefng \u0111\u01b0\u1eddng \u0111\u01b0\u1ee3c cho ph\u00e9p v\u00e0 d\u1ecdn s\u1ea1ch khu v\u1ef1c ngh\u1ec9 ng\u01a1i hay c\u1eafm tr\u1ea1i ngay sau \u0111\u00f3.<\/li><\/ul>\t\t\t\t\t\t\t\t<\/div>\n\t\t\t\t<div class=\"elementor-element elementor-element-ae9f285 elementor-widget elementor-widget-image\" data-id=\"ae9f285\" data-element_type=\"widget\" data-widget_type=\"image.default\">\n\t\t\t\t\t\t\t\t\t\t\t\t\t\t\t<img fetchpriority=\"high\" decoding=\"async\" width=\"900\" height=\"600\" src=\"https:\/\/www.rtcvietnam.org\/vi\/wp-content\/uploads\/2025\/10\/Bao-ton-Moi-truong-va-Tinh-ben-vung\u200b.jpg\" class=\"attachment-full size-full wp-image-2653\" alt=\"B\u1ea3o t\u1ed3n M\u00f4i tr\u01b0\u1eddng v\u00e0 T\u00ednh b\u1ec1n v\u1eefng\u200b\" srcset=\"https:\/\/www.rtcvietnam.org\/vi\/wp-content\/uploads\/2025\/10\/Bao-ton-Moi-truong-va-Tinh-ben-vung\u200b.jpg 900w, https:\/\/www.rtcvietnam.org\/vi\/wp-content\/uploads\/2025\/10\/Bao-ton-Moi-truong-va-Tinh-ben-vung\u200b-768x512.jpg 768w\" sizes=\"(max-width: 900px) 100vw, 900px\" \/>\t\t\t\t\t\t\t\t\t\t\t\t\t\t\t<\/div>\n\t\t\t\t<\/div>\n\t\t\t\t\t<\/div>\n\t\t\t\t<\/div>\n\t\t<div class=\"elementor-element elementor-element-d07a1bc e-flex e-con-boxed e-con e-parent\" data-id=\"d07a1bc\" data-element_type=\"container\">\n\t\t\t\t\t<div class=\"e-con-inner\">\n\t\t\t\t<div class=\"elementor-element elementor-element-4819db0 elementor-widget elementor-widget-heading\" data-id=\"4819db0\" data-element_type=\"widget\" data-widget_type=\"heading.default\">\n\t\t\t\t\t<h2 class=\"elementor-heading-title elementor-size-default\">B\u1ea3o t\u1ed3n v\u00e0 T\u00f4n tr\u1ecdng V\u0103n ho\u00e1\n<\/h2>\t\t\t\t<\/div>\n\t\t<div class=\"elementor-element elementor-element-c399b8d e-grid e-con-full e-con e-child\" data-id=\"c399b8d\" data-element_type=\"container\">\n\t\t\t\t<div class=\"elementor-element elementor-element-a3f559f elementor-widget elementor-widget-image\" data-id=\"a3f559f\" data-element_type=\"widget\" data-widget_type=\"image.default\">\n\t\t\t\t\t\t\t\t\t\t\t\t\t\t\t<img decoding=\"async\" width=\"900\" height=\"600\" src=\"https:\/\/www.rtcvietnam.org\/vi\/wp-content\/uploads\/2025\/10\/bao-ton-va-ton-trong-van-hoa.jpg\" class=\"attachment-full size-full wp-image-2654\" alt=\"b\u1ea3o t\u1ed3n v\u00e0 t\u00f4n tr\u1ecdng v\u0103n h\u00f3a\" srcset=\"https:\/\/www.rtcvietnam.org\/vi\/wp-content\/uploads\/2025\/10\/bao-ton-va-ton-trong-van-hoa.jpg 900w, https:\/\/www.rtcvietnam.org\/vi\/wp-content\/uploads\/2025\/10\/bao-ton-va-ton-trong-van-hoa-768x512.jpg 768w\" sizes=\"(max-width: 900px) 100vw, 900px\" \/>\t\t\t\t\t\t\t\t\t\t\t\t\t\t\t<\/div>\n\t\t\t\t<div class=\"elementor-element elementor-element-ad7c1ae elementor-widget elementor-widget-text-editor\" data-id=\"ad7c1ae\" data-element_type=\"widget\" data-widget_type=\"text-editor.default\">\n\t\t\t\t\t\t\t\t\t<ul><li>T\u00ecm hi\u1ec3u v\u1ec1 v\u0103n ho\u00e1 b\u1ea3n \u0111\u1ecba tr\u01b0\u1edbc khi b\u1ea1n \u0111i du l\u1ecbch v\u00e0 s\u1eb5n l\u00f2ng th\u1eed c\u00e1c tr\u1ea3i nghi\u1ec7m kh\u00e1c nhau.<\/li><li>H\u1ecdc m\u1ed9t ch\u00fat ng\u00f4n ng\u1eef \u0111\u1ecba ph\u01b0\u01a1ng, ngay c\u1ea3 nh\u1eefng c\u00e2u c\u01a1 b\u1ea3n nh\u01b0 &#8216;xin ch\u00e0o&amp;&#8217;, &#8216;t\u1ea1m bi\u1ec7t&#8217; v\u00e0 &#8216;c\u1ea3m \u01a1n&#8217;<br \/>c\u0169ng \u0111\u01b0\u1ee3c \u0111\u00e1nh gi\u00e1 cao!<\/li><li>T\u00f4n tr\u1ecdng s\u1ef1 kh\u00e1c bi\u1ec7t v\u1ec1 v\u0103n ho\u00e1.<\/li><li>Th\u1eadn tr\u1ecdng v\u1edbi nh\u1eefng c\u1eed ch\u1ec9 th\u1ec3 hi\u1ec7n t\u00ecnh c\u1ea3m n\u01a1i c\u00f4ng c\u1ed9ng. T\u1ed1t nh\u1ea5t l\u00e0 ch\u1ec9 n\u00ean n\u1eafm tay &#8211; \u0111\u1eb7c bi\u1ec7t \u1edf c\u00e1c v\u00f9ng n\u00f4ng th\u00f4n.<\/li><li>H\u00e3y tr\u00e1nh v\u1ed7 ho\u1eb7c ch\u1ea1m v\u00e0o \u0111\u1ea7u m\u1ecdi ng\u01b0\u1eddi, \u0111\u1ea7u l\u00e0 n\u01a1i thi\u00eang li\u00eang \u1edf Ch\u00e2u \u00c1.<\/li><li>Nh\u1eadn th\u1ee9c \u0111\u01b0\u1ee3c t\u1ea7m quan tr\u1ecdng c\u1ee7a c\u00e1c nh\u00e0 th\u1edd t\u1ed5 ti\u00ean \u1edf Vi\u1ec7t Nam. Tr\u00e1nh quay l\u01b0ng l\u1ea1i, tr\u1ecf ch\u00e2n v\u00e0o ho\u1eb7c thay qu\u1ea7n \u00e1o tr\u01b0\u1edbc b\u1ea5t k\u1ef3 ch\u00f9a chi\u1ec1n, \u0111\u1ec1n ho\u1eb7c mi\u1ebfu th\u1edd n\u00e0o.<\/li><\/ul>\t\t\t\t\t\t\t\t<\/div>\n\t\t\t\t<\/div>\n\t\t\t\t\t<\/div>\n\t\t\t\t<\/div>\n\t\t<div class=\"elementor-element elementor-element-46e191e e-flex e-con-boxed e-con e-parent\" data-id=\"46e191e\" data-element_type=\"container\">\n\t\t\t\t\t<div class=\"e-con-inner\">\n\t\t\t\t<div class=\"elementor-element elementor-element-75535bd elementor-widget elementor-widget-heading\" data-id=\"75535bd\" data-element_type=\"widget\" data-widget_type=\"heading.default\">\n\t\t\t\t\t<h2 class=\"elementor-heading-title elementor-size-default\">Du l\u1ecbch c\u00f3 \u00fd th\u1ee9c<\/h2>\t\t\t\t<\/div>\n\t\t<div class=\"elementor-element elementor-element-f019930 e-grid e-con-full e-con e-child\" data-id=\"f019930\" data-element_type=\"container\">\n\t\t\t\t<div class=\"elementor-element elementor-element-d3d4268 elementor-widget elementor-widget-text-editor\" data-id=\"d3d4268\" data-element_type=\"widget\" data-widget_type=\"text-editor.default\">\n\t\t\t\t\t\t\t\t\t<ul><li>Vi\u1ec7c b\u1ea1n s\u1eed d\u1ee5ng h\u00e0ng h\u00f3a v\u00e0 d\u1ecbch v\u1ee5 \u0111\u1ecba ph\u01b0\u01a1ng s\u1ebd g\u00f3p ph\u1ea7n n\u00e2ng cao thu nh\u1eadp cho c\u1ed9ng \u0111\u1ed3ng v\u00e0 gi\u00fap ph\u00e1t tri\u1ec3n du l\u1ecbch \u1edf qu\u1ed1c gia s\u1edf t\u1ea1i.<\/li><li>S\u1eed d\u1ee5ng th\u1ee9c \u0103n \u0111\u1ed3 u\u1ed1ng \u0111\u1ecba ph\u01b0\u01a1ng<\/li><li>S\u1eed d\u1ee5ng v\u1eadn t\u1ea3i v\u00e0 d\u1ecbch v\u1ee5 \u0111\u1ecba ph\u01b0\u01a1ng<\/li><li>Tr\u00e1nh tr\u1ea3 ti\u1ec1n cho m\u1ed9t s\u1ed1 h\u00e0nh \u0111\u1ed9ng nh\u1ecf nh\u01b0 ch\u1ec9 \u0111\u01b0\u1eddng \u2013 ch\u1ec9 c\u1ea7n &#8216;c\u1ea3m \u01a1n&#8217; b\u1eaft tay l\u00e0 \u0111\u1ee7.<\/li><li>Thu\u00ea h\u01b0\u1edbng d\u1eabn \u0111\u1ecba ph\u01b0\u01a1ng khi \u0111i th\u0103m c\u00e1c khu v\u1ef1c \u0111\u01b0\u1ee3c b\u1ea3o t\u1ed3n hay c\u00e1c di t\u00edch l\u1ecbch s\u1eed. \u0110i\u1ec1u n\u00e0y v\u1eeba gi\u00fap t\u0103ng thu nh\u1eadp cho ng\u01b0\u1eddi d\u00e2n \u0111\u1ecba ph\u01b0\u01a1ng v\u1eeba gi\u00fap b\u1ea1n hi\u1ec3u r\u00f5 h\u01a1n v\u1ec1 khu di t\u00edch.<\/li><li>Tr\u00e1nh cho tr\u1ebb em ti\u1ec1n ho\u1eb7c qu\u00e0. N\u00ean mua thi\u1ec7p, b\u1ea3n \u0111\u1ed3 hay s\u1eed d\u1ee5ng d\u1ecbch v\u1ee5 \u0111\u00e1nh gi\u1ea7y c\u1ee7a ch\u00fang.<\/li><li>Kh\u00f4ng n\u00ean cho s\u00f4 c\u00f4 la ho\u1eb7c b\u00e1nh k\u1eb9o, v\u00ec ki\u1ebfn th\u1ee9c v\u1ec1 v\u1ec7 sinh r\u0103ng mi\u1ec7ng c\u0169ng nh\u01b0 kh\u1ea3 n\u0103ng ti\u1ebfp c\u1eadn v\u1edbi nha s\u0129 c\u00f2n th\u1ea5p.<\/li><li>Lu\u00f4n \u1ee7ng h\u1ed9 c\u00e1c s\u00e1ng ki\u1ebfn \u200b\u200b\u0111\u1ecba ph\u01b0\u01a1ng v\u00e0 c\u00e1c d\u1ef1 \u00e1n d\u1ef1a v\u00e0o c\u1ed9ng \u0111\u1ed3ng, c\u00f4ng nh\u1eadn v\u00e0 khen th\u01b0\u1edfng c\u00e1c vi\u1ec7c l\u00e0m t\u1ed1t s\u1ebd t\u1ea1o n\u00ean thay \u0111\u1ed5i l\u1edbn.<\/li><\/ul>\t\t\t\t\t\t\t\t<\/div>\n\t\t\t\t<div class=\"elementor-element elementor-element-622e62c elementor-widget elementor-widget-image\" data-id=\"622e62c\" data-element_type=\"widget\" data-widget_type=\"image.default\">\n\t\t\t\t\t\t\t\t\t\t\t\t\t\t\t<img decoding=\"async\" width=\"900\" height=\"600\" src=\"https:\/\/www.rtcvietnam.org\/vi\/wp-content\/uploads\/2025\/10\/Du-lich-co-y-thuc\u200b.jpg\" class=\"attachment-full size-full wp-image-2655\" alt=\"Du l\u1ecbch c\u00f3 \u00fd th\u1ee9c\u200b\" srcset=\"https:\/\/www.rtcvietnam.org\/vi\/wp-content\/uploads\/2025\/10\/Du-lich-co-y-thuc\u200b.jpg 900w, https:\/\/www.rtcvietnam.org\/vi\/wp-content\/uploads\/2025\/10\/Du-lich-co-y-thuc\u200b-768x512.jpg 768w\" sizes=\"(max-width: 900px) 100vw, 900px\" \/>\t\t\t\t\t\t\t\t\t\t\t\t\t\t\t<\/div>\n\t\t\t\t<\/div>\n\t\t\t\t\t<\/div>\n\t\t\t\t<\/div>\n\t\t\t\t<\/div>\n\t\t","protected":false},"excerpt":{"rendered":"<p>B\u1ea3o t\u1ed3n M\u00f4i tr\u01b0\u1eddng v\u00e0 T\u00ednh b\u1ec1n v\u1eefng N\u00f3i kh\u00f4ng v\u1edbi c\u00e1c lo\u1ea1i th\u1ef1c ph\u1ea9m \u0111e d\u1ecda \u0111\u1ebfn \u0111\u1ed9ng v\u1eadt hoang d\u00e3 v\u00e0 nh\u1eefng lo\u00e0i c\u00f3 nguy c\u01a1 tuy\u1ec7t ch\u1ee7ng, h\u00e3y ch\u1ecdn th\u1ef1c ph\u1ea9m h\u1eefu c\u01a1. N\u00f3i kh\u00f4ng v\u1edbi s\u1ea3n ph\u1ea9m l\u00e0m \u0111\u1ed9ng th\u1ef1c v\u1eadt c\u00f3 nguy c\u01a1 tuy\u1ec7t ch\u1ee7ng ch\u1eb3ng h\u1ea1n nh\u01b0 ng\u00e0 voi, [&hellip;]<\/p>\n","protected":false},"author":7,"featured_media":2752,"parent":0,"menu_order":0,"comment_status":"closed","ping_status":"closed","template":"","meta":{"footnotes":""},"class_list":["post-1661","page","type-page","status-publish","has-post-thumbnail","hentry"],"yoast_head":"<!-- This site is optimized with the Yoast SEO plugin v19.9 - https:\/\/yoast.com\/wordpress\/plugins\/seo\/ -->\n<title>Cho Du kh\u00e1ch - The Responsible Travel Club of Vietnam - RTC<\/title>\n<meta name=\"robots\" content=\"index, follow, max-snippet:-1, max-image-preview:large, max-video-preview:-1\" \/>\n<link rel=\"canonical\" href=\"https:\/\/www.rtcvietnam.org\/vi\/cho-du-khach\/\" \/>\n<meta property=\"og:locale\" content=\"en_US\" \/>\n<meta property=\"og:type\" content=\"article\" \/>\n<meta property=\"og:title\" content=\"Cho Du kh\u00e1ch - The Responsible Travel Club of Vietnam - RTC\" \/>\n<meta property=\"og:description\" content=\"B\u1ea3o t\u1ed3n M\u00f4i tr\u01b0\u1eddng v\u00e0 T\u00ednh b\u1ec1n v\u1eefng N\u00f3i kh\u00f4ng v\u1edbi c\u00e1c lo\u1ea1i th\u1ef1c ph\u1ea9m \u0111e d\u1ecda \u0111\u1ebfn \u0111\u1ed9ng v\u1eadt hoang d\u00e3 v\u00e0 nh\u1eefng lo\u00e0i c\u00f3 nguy c\u01a1 tuy\u1ec7t ch\u1ee7ng, h\u00e3y ch\u1ecdn th\u1ef1c ph\u1ea9m h\u1eefu c\u01a1. N\u00f3i kh\u00f4ng v\u1edbi s\u1ea3n ph\u1ea9m l\u00e0m \u0111\u1ed9ng th\u1ef1c v\u1eadt c\u00f3 nguy c\u01a1 tuy\u1ec7t ch\u1ee7ng ch\u1eb3ng h\u1ea1n nh\u01b0 ng\u00e0 voi, [&hellip;]\" \/>\n<meta property=\"og:url\" content=\"https:\/\/www.rtcvietnam.org\/vi\/cho-du-khach\/\" \/>\n<meta property=\"og:site_name\" content=\"The Responsible Travel Club of Vietnam - RTC\" \/>\n<meta property=\"article:modified_time\" content=\"2025-10-20T06:17:25+00:00\" \/>\n<meta property=\"og:image\" content=\"https:\/\/www.rtcvietnam.org\/vi\/wp-content\/uploads\/2025\/10\/pexels-elina-araja-1743227-3377405-1.jpg\" \/>\n\t<meta property=\"og:image:width\" content=\"1800\" \/>\n\t<meta property=\"og:image:height\" content=\"1012\" \/>\n\t<meta property=\"og:image:type\" content=\"image\/jpeg\" \/>\n<script type=\"application\/ld+json\" class=\"yoast-schema-graph\">{\"@context\":\"https:\/\/schema.org\",\"@graph\":[{\"@type\":\"WebPage\",\"@id\":\"https:\/\/www.rtcvietnam.org\/vi\/cho-du-khach\/\",\"url\":\"https:\/\/www.rtcvietnam.org\/vi\/cho-du-khach\/\",\"name\":\"Cho Du kh\u00e1ch - The Responsible Travel Club of Vietnam - RTC\",\"isPartOf\":{\"@id\":\"https:\/\/www.rtcvietnam.org\/vi\/#website\"},\"datePublished\":\"2017-09-28T03:18:52+00:00\",\"dateModified\":\"2025-10-20T06:17:25+00:00\",\"breadcrumb\":{\"@id\":\"https:\/\/www.rtcvietnam.org\/vi\/cho-du-khach\/#breadcrumb\"},\"inLanguage\":\"en-US\",\"potentialAction\":[{\"@type\":\"ReadAction\",\"target\":[\"https:\/\/www.rtcvietnam.org\/vi\/cho-du-khach\/\"]}]},{\"@type\":\"BreadcrumbList\",\"@id\":\"https:\/\/www.rtcvietnam.org\/vi\/cho-du-khach\/#breadcrumb\",\"itemListElement\":[{\"@type\":\"ListItem\",\"position\":1,\"name\":\"Home\",\"item\":\"https:\/\/www.rtcvietnam.org\/vi\/\"},{\"@type\":\"ListItem\",\"position\":2,\"name\":\"Cho Du kh\u00e1ch\"}]},{\"@type\":\"WebSite\",\"@id\":\"https:\/\/www.rtcvietnam.org\/vi\/#website\",\"url\":\"https:\/\/www.rtcvietnam.org\/vi\/\",\"name\":\"The Responsible Travel Club of Vietnam - RTC\",\"description\":\"\",\"publisher\":{\"@id\":\"https:\/\/www.rtcvietnam.org\/vi\/#organization\"},\"potentialAction\":[{\"@type\":\"SearchAction\",\"target\":{\"@type\":\"EntryPoint\",\"urlTemplate\":\"https:\/\/www.rtcvietnam.org\/vi\/?s={search_term_string}\"},\"query-input\":\"required name=search_term_string\"}],\"inLanguage\":\"en-US\"},{\"@type\":\"Organization\",\"@id\":\"https:\/\/www.rtcvietnam.org\/vi\/#organization\",\"name\":\"The Responsible Travel Club of Vietnam - RTC\",\"url\":\"https:\/\/www.rtcvietnam.org\/vi\/\",\"logo\":{\"@type\":\"ImageObject\",\"inLanguage\":\"en-US\",\"@id\":\"https:\/\/www.rtcvietnam.org\/vi\/#\/schema\/logo\/image\/\",\"url\":\"https:\/\/www.rtcvietnam.org\/vi\/wp-content\/uploads\/2025\/10\/rtc1.jpg\",\"contentUrl\":\"https:\/\/www.rtcvietnam.org\/vi\/wp-content\/uploads\/2025\/10\/rtc1.jpg\",\"width\":300,\"height\":300,\"caption\":\"The Responsible Travel Club of Vietnam - RTC\"},\"image\":{\"@id\":\"https:\/\/www.rtcvietnam.org\/vi\/#\/schema\/logo\/image\/\"}}]}<\/script>\n<!-- \/ Yoast SEO plugin. -->","yoast_head_json":{"title":"Cho Du kh\u00e1ch - The Responsible Travel Club of Vietnam - RTC","robots":{"index":"index","follow":"follow","max-snippet":"max-snippet:-1","max-image-preview":"max-image-preview:large","max-video-preview":"max-video-preview:-1"},"canonical":"https:\/\/www.rtcvietnam.org\/vi\/cho-du-khach\/","og_locale":"en_US","og_type":"article","og_title":"Cho Du kh\u00e1ch - The Responsible Travel Club of Vietnam - RTC","og_description":"B\u1ea3o t\u1ed3n M\u00f4i tr\u01b0\u1eddng v\u00e0 T\u00ednh b\u1ec1n v\u1eefng N\u00f3i kh\u00f4ng v\u1edbi c\u00e1c lo\u1ea1i th\u1ef1c ph\u1ea9m \u0111e d\u1ecda \u0111\u1ebfn \u0111\u1ed9ng v\u1eadt hoang d\u00e3 v\u00e0 nh\u1eefng lo\u00e0i c\u00f3 nguy c\u01a1 tuy\u1ec7t ch\u1ee7ng, h\u00e3y ch\u1ecdn th\u1ef1c ph\u1ea9m h\u1eefu c\u01a1. N\u00f3i kh\u00f4ng v\u1edbi s\u1ea3n ph\u1ea9m l\u00e0m \u0111\u1ed9ng th\u1ef1c v\u1eadt c\u00f3 nguy c\u01a1 tuy\u1ec7t ch\u1ee7ng ch\u1eb3ng h\u1ea1n nh\u01b0 ng\u00e0 voi, [&hellip;]","og_url":"https:\/\/www.rtcvietnam.org\/vi\/cho-du-khach\/","og_site_name":"The Responsible Travel Club of Vietnam - RTC","article_modified_time":"2025-10-20T06:17:25+00:00","og_image":[{"width":1800,"height":1012,"url":"https:\/\/www.rtcvietnam.org\/vi\/wp-content\/uploads\/2025\/10\/pexels-elina-araja-1743227-3377405-1.jpg","type":"image\/jpeg"}],"schema":{"@context":"https:\/\/schema.org","@graph":[{"@type":"WebPage","@id":"https:\/\/www.rtcvietnam.org\/vi\/cho-du-khach\/","url":"https:\/\/www.rtcvietnam.org\/vi\/cho-du-khach\/","name":"Cho Du kh\u00e1ch - The Responsible Travel Club of Vietnam - RTC","isPartOf":{"@id":"https:\/\/www.rtcvietnam.org\/vi\/#website"},"datePublished":"2017-09-28T03:18:52+00:00","dateModified":"2025-10-20T06:17:25+00:00","breadcrumb":{"@id":"https:\/\/www.rtcvietnam.org\/vi\/cho-du-khach\/#breadcrumb"},"inLanguage":"en-US","potentialAction":[{"@type":"ReadAction","target":["https:\/\/www.rtcvietnam.org\/vi\/cho-du-khach\/"]}]},{"@type":"BreadcrumbList","@id":"https:\/\/www.rtcvietnam.org\/vi\/cho-du-khach\/#breadcrumb","itemListElement":[{"@type":"ListItem","position":1,"name":"Home","item":"https:\/\/www.rtcvietnam.org\/vi\/"},{"@type":"ListItem","position":2,"name":"Cho Du kh\u00e1ch"}]},{"@type":"WebSite","@id":"https:\/\/www.rtcvietnam.org\/vi\/#website","url":"https:\/\/www.rtcvietnam.org\/vi\/","name":"The Responsible Travel Club of Vietnam - RTC","description":"","publisher":{"@id":"https:\/\/www.rtcvietnam.org\/vi\/#organization"},"potentialAction":[{"@type":"SearchAction","target":{"@type":"EntryPoint","urlTemplate":"https:\/\/www.rtcvietnam.org\/vi\/?s={search_term_string}"},"query-input":"required name=search_term_string"}],"inLanguage":"en-US"},{"@type":"Organization","@id":"https:\/\/www.rtcvietnam.org\/vi\/#organization","name":"The Responsible Travel Club of Vietnam - RTC","url":"https:\/\/www.rtcvietnam.org\/vi\/","logo":{"@type":"ImageObject","inLanguage":"en-US","@id":"https:\/\/www.rtcvietnam.org\/vi\/#\/schema\/logo\/image\/","url":"https:\/\/www.rtcvietnam.org\/vi\/wp-content\/uploads\/2025\/10\/rtc1.jpg","contentUrl":"https:\/\/www.rtcvietnam.org\/vi\/wp-content\/uploads\/2025\/10\/rtc1.jpg","width":300,"height":300,"caption":"The Responsible Travel Club of Vietnam - RTC"},"image":{"@id":"https:\/\/www.rtcvietnam.org\/vi\/#\/schema\/logo\/image\/"}}]}},"_links":{"self":[{"href":"https:\/\/www.rtcvietnam.org\/vi\/wp-json\/wp\/v2\/pages\/1661","targetHints":{"allow":["GET"]}}],"collection":[{"href":"https:\/\/www.rtcvietnam.org\/vi\/wp-json\/wp\/v2\/pages"}],"about":[{"href":"https:\/\/www.rtcvietnam.org\/vi\/wp-json\/wp\/v2\/types\/page"}],"author":[{"embeddable":true,"href":"https:\/\/www.rtcvietnam.org\/vi\/wp-json\/wp\/v2\/users\/7"}],"replies":[{"embeddable":true,"href":"https:\/\/www.rtcvietnam.org\/vi\/wp-json\/wp\/v2\/comments?post=1661"}],"version-history":[{"count":20,"href":"https:\/\/www.rtcvietnam.org\/vi\/wp-json\/wp\/v2\/pages\/1661\/revisions"}],"predecessor-version":[{"id":2766,"href":"https:\/\/www.rtcvietnam.org\/vi\/wp-json\/wp\/v2\/pages\/1661\/revisions\/2766"}],"wp:featuredmedia":[{"embeddable":true,"href":"https:\/\/www.rtcvietnam.org\/vi\/wp-json\/wp\/v2\/media\/2752"}],"wp:attachment":[{"href":"https:\/\/www.rtcvietnam.org\/vi\/wp-json\/wp\/v2\/media?parent=1661"}],"curies":[{"name":"wp","href":"https:\/\/api.w.org\/{rel}","templated":true}]}}