{"id":1574,"date":"2017-09-14T02:15:40","date_gmt":"2017-09-14T02:15:40","guid":{"rendered":"http:\/\/www.rtcvietnam.org\/vi\/?page_id=1574"},"modified":"2025-10-21T01:39:00","modified_gmt":"2025-10-21T01:39:00","slug":"du-lich-co-trach-nhiem","status":"publish","type":"page","link":"https:\/\/www.rtcvietnam.org\/vi\/du-lich-co-trach-nhiem\/","title":{"rendered":"Du l\u1ecbch c\u00f3 tr\u00e1ch nhi\u1ec7m"},"content":{"rendered":"\t\t<div data-elementor-type=\"wp-page\" data-elementor-id=\"1574\" class=\"elementor elementor-1574\" data-elementor-post-type=\"page\">\n\t\t\t\t<div class=\"elementor-element elementor-element-62ee0ad1 e-flex e-con-boxed e-con e-parent\" data-id=\"62ee0ad1\" data-element_type=\"container\" data-settings=\"{&quot;background_background&quot;:&quot;classic&quot;}\">\n\t\t\t\t\t<div class=\"e-con-inner\">\n\t\t<div class=\"elementor-element elementor-element-1123ca98 e-con-full e-flex e-con e-child\" data-id=\"1123ca98\" data-element_type=\"container\" data-settings=\"{&quot;background_background&quot;:&quot;classic&quot;}\">\n\t\t\t\t<div class=\"elementor-element elementor-element-339aec9f elementor-widget elementor-widget-text-editor\" data-id=\"339aec9f\" data-element_type=\"widget\" data-widget_type=\"text-editor.default\">\n\t\t\t\t\t\t\t\t\t<h3>Du l\u1ecbch c\u00f3 tr\u00e1ch nhi\u1ec7m l\u00e0 g\u00ec?<\/h3>\nDu l\u1ecbch c\u00f3 tr\u00e1ch nhi\u1ec7m \u0111\u01a1n gi\u1ea3n l\u00e0 c\u00e1ch ti\u1ebfp c\u1eadn qu\u1ea3n l\u00fd du l\u1ecbch, nh\u1eb1m t\u1ed1i \u0111a h\u00f3a l\u1ee3i \u00edch kinh t\u1ebf, x\u00e3 h\u1ed9i, m\u00f4i tr\u01b0\u1eddng v\u00e0 gi\u1ea3m thi\u1ec3u chi ph\u00ed t\u1edbi c\u00e1c \u0111i\u1ec3m \u0111\u1ebfn.\n\nDu l\u1ecbch c\u00f3 tr\u00e1ch nhi\u1ec7m nhanh ch\u00f3ng tr\u1edf th\u00e0nh xu h\u01b0\u1edbng to\u00e0n c\u1ea7u. Ch\u00ednh nh\u1eefng \u00fd ngh\u0129a to l\u1edbn v\u00e0 t\u1ea7m quan tr\u1ecdng c\u1ee7a du l\u1ecbch c\u00f3 tr\u00e1ch nhi\u1ec7m mang l\u1ea1i \u0111\u00e3 truy\u1ec1n c\u1ea3m h\u1ee9ng cho C\u00e2u l\u1ea1c b\u1ed9 Du l\u1ecbch c\u00f3 tr\u00e1ch nhi\u1ec7m Vi\u1ec7t Nam.\u00a0\n\nNg\u00e0y du l\u1ecbch c\u00f3 tr\u00e1ch nhi\u1ec7m \u0111\u01b0\u1ee3c H\u1ed9i ch\u1ee3 du l\u1ecbch th\u1ebf gi\u1edbi ch\u1ecdn t\u1ed5 ch\u1ee9c v\u00e0o th\u00e1ng 11 h\u00e0ng n\u0103m. Ng\u00e0y du l\u1ecbch tr\u00e1ch nhi\u1ec7m \u0111\u00e3 \u0111\u01b0\u1ee3c x\u00e1c nh\u1eadn b\u1edfi T\u1ed5 ch\u1ee9c Du l\u1ecbch th\u1ebf gi\u1edbi v\u00e0 H\u1ed9i \u0111\u1ed3ng Du l\u1ecbch v\u00e0 l\u1eef h\u00e0nh th\u1ebf gi\u1edbi.\t\t\t\t\t\t\t\t<\/div>\n\t\t\t\t<\/div>\n\t\t<div class=\"elementor-element elementor-element-463eb582 e-con-full e-flex e-con e-child\" data-id=\"463eb582\" data-element_type=\"container\">\n\t\t\t\t<div class=\"elementor-element elementor-element-48b97322 elementor-widget elementor-widget-image\" data-id=\"48b97322\" data-element_type=\"widget\" data-widget_type=\"image.default\">\n\t\t\t\t\t\t\t\t\t\t\t\t\t\t\t<img fetchpriority=\"high\" decoding=\"async\" width=\"1276\" height=\"956\" src=\"https:\/\/www.rtcvietnam.org\/vi\/wp-content\/uploads\/2025\/10\/Responsible-travel-with-RTC.jpg\" class=\"attachment-full size-full wp-image-2867\" alt=\"du l\u1ecbch c\u00f3 tr\u00e1ch nhi\u1ec7m v\u1edbi RTC\" srcset=\"https:\/\/www.rtcvietnam.org\/vi\/wp-content\/uploads\/2025\/10\/Responsible-travel-with-RTC.jpg 1276w, https:\/\/www.rtcvietnam.org\/vi\/wp-content\/uploads\/2025\/10\/Responsible-travel-with-RTC-768x575.jpg 768w\" sizes=\"(max-width: 1276px) 100vw, 1276px\" \/>\t\t\t\t\t\t\t\t\t\t\t\t\t\t\t<\/div>\n\t\t\t\t<\/div>\n\t\t\t\t\t<\/div>\n\t\t\t\t<\/div>\n\t\t<div class=\"elementor-element elementor-element-3ae2cbb e-flex e-con-boxed e-con e-parent\" data-id=\"3ae2cbb\" data-element_type=\"container\" data-settings=\"{&quot;background_background&quot;:&quot;classic&quot;}\">\n\t\t\t\t\t<div class=\"e-con-inner\">\n\t\t<div class=\"elementor-element elementor-element-62300b0d e-con-full e-flex e-con e-child\" data-id=\"62300b0d\" data-element_type=\"container\">\n\t\t\t\t<div class=\"elementor-element elementor-element-123c7c3c elementor-widget elementor-widget-text-editor\" data-id=\"123c7c3c\" data-element_type=\"widget\" data-widget_type=\"text-editor.default\">\n\t\t\t\t\t\t\t\t\t<h3>T\u1ea1i sao l\u1ea1i l\u00e0 Du l\u1ecbch c\u00f3 tr\u00e1ch nhi\u1ec7m?<\/h3>\n<ul>\n  <li>Gi\u1ea3m thi\u1ec3u t\u1ed1i \u0111a c\u00e1c t\u00e1c \u0111\u1ed9ng ti\u00eau c\u1ef1c \u0111\u1ed1i v\u1edbi n\u1ec1n kinh t\u1ebf, m\u00f4i tr\u01b0\u1eddng v\u00e0 x\u00e3 h\u1ed9i;<\/li>\n  <li>T\u1ea1o ra nhi\u1ec1u l\u1ee3i \u00edch v\u1ec1 kinh t\u1ebf v\u00e0 n\u00e2ng cao ph\u00fac l\u1ee3i cho ng\u01b0\u1eddi d\u00e2n \u0111\u1ecba ph\u01b0\u01a1ng;<\/li>\n  <li>C\u1ea3i thi\u1ec7n \u0111i\u1ec1u ki\u1ec7n l\u00e0m vi\u1ec7c v\u00e0 tham gia v\u00e0o ho\u1ea1t \u0111\u1ed9ng du l\u1ecbch;<\/li>\n  <li>Khuy\u1ebfn kh\u00edch ng\u01b0\u1eddi d\u00e2n \u0111\u1ecba ph\u01b0\u01a1ng tham gia v\u00e0o c\u00e1c quy\u1ebft \u0111\u1ecbnh c\u00f3 \u1ea3nh h\u01b0\u1edfng \u0111\u1ebfn cu\u1ed9c s\u1ed1ng c\u1ee7a h\u1ecd;<\/li>\n  <li>\u0110\u00f3ng g\u00f3p t\u00edch c\u1ef1c v\u00e0o vi\u1ec7c b\u1ea3o t\u1ed3n c\u00e1c di s\u1ea3n thi\u00ean nhi\u00ean v\u00e0 v\u0103n h\u00f3a;<\/li>\n  <li>Cung c\u1ea5p nh\u1eefng tr\u1ea3i nghi\u1ec7m th\u00fa v\u1ecb cho du kh\u00e1ch th\u00f4ng qua m\u1ed1i li\u00ean k\u1ebft gi\u1eefa kh\u00e1ch du l\u1ecbch v\u00e0 ng\u01b0\u1eddi d\u00e2n \u0111\u1ecba ph\u01b0\u01a1ng;<\/li>\n  <li>T\u1ea1o hi\u1ec3u bi\u1ebft v\u1ec1 c\u00e1c v\u1ea5n \u0111\u1ec1 v\u0103n h\u00f3a, x\u00e3 h\u1ed9i v\u00e0 m\u00f4i tr\u01b0\u1eddng t\u1ea1i \u0111\u1ecba ph\u01b0\u01a1ng;<\/li>\n  <li>Khuy\u1ebfn kh\u00edch s\u1ef1 t\u00f4n tr\u1ecdng l\u1eabn nhau gi\u1eefa kh\u00e1ch du l\u1ecbch v\u00e0 ng\u01b0\u1eddi d\u00e2n \u0111\u1ecba ph\u01b0\u01a1ng;<\/li>\n  <li>T\u1ea1o d\u1ef1ng ni\u1ec1m tin, l\u00f2ng t\u1ef1 h\u00e0o d\u00e2n t\u1ed9c cho c\u1ed9ng \u0111\u1ed3ng.<\/li>\n<\/ul>\n\t\t\t\t\t\t\t\t<\/div>\n\t\t\t\t<\/div>\n\t\t\t\t\t<\/div>\n\t\t\t\t<\/div>\n\t\t\t\t<\/div>\n\t\t","protected":false},"excerpt":{"rendered":"<p>Du l\u1ecbch c\u00f3 tr\u00e1ch nhi\u1ec7m l\u00e0 g\u00ec? Du l\u1ecbch c\u00f3 tr\u00e1ch nhi\u1ec7m \u0111\u01a1n gi\u1ea3n l\u00e0 c\u00e1ch ti\u1ebfp c\u1eadn qu\u1ea3n l\u00fd du l\u1ecbch, nh\u1eb1m t\u1ed1i \u0111a h\u00f3a l\u1ee3i \u00edch kinh t\u1ebf, x\u00e3 h\u1ed9i, m\u00f4i tr\u01b0\u1eddng v\u00e0 gi\u1ea3m thi\u1ec3u chi ph\u00ed t\u1edbi c\u00e1c \u0111i\u1ec3m \u0111\u1ebfn. Du l\u1ecbch c\u00f3 tr\u00e1ch nhi\u1ec7m nhanh ch\u00f3ng tr\u1edf th\u00e0nh xu h\u01b0\u1edbng to\u00e0n [&hellip;]<\/p>\n","protected":false},"author":7,"featured_media":2752,"parent":0,"menu_order":0,"comment_status":"closed","ping_status":"closed","template":"","meta":{"footnotes":""},"class_list":["post-1574","page","type-page","status-publish","has-post-thumbnail","hentry"],"yoast_head":"<!-- This site is optimized with the Yoast SEO plugin v19.9 - https:\/\/yoast.com\/wordpress\/plugins\/seo\/ -->\n<title>Du l\u1ecbch c\u00f3 tr\u00e1ch nhi\u1ec7m - The Responsible Travel Club of Vietnam - RTC<\/title>\n<meta name=\"robots\" content=\"index, follow, max-snippet:-1, max-image-preview:large, max-video-preview:-1\" \/>\n<link rel=\"canonical\" href=\"https:\/\/www.rtcvietnam.org\/vi\/du-lich-co-trach-nhiem\/\" \/>\n<meta property=\"og:locale\" content=\"en_US\" \/>\n<meta property=\"og:type\" content=\"article\" \/>\n<meta property=\"og:title\" content=\"Du l\u1ecbch c\u00f3 tr\u00e1ch nhi\u1ec7m - The Responsible Travel Club of Vietnam - RTC\" \/>\n<meta property=\"og:description\" content=\"Du l\u1ecbch c\u00f3 tr\u00e1ch nhi\u1ec7m l\u00e0 g\u00ec? Du l\u1ecbch c\u00f3 tr\u00e1ch nhi\u1ec7m \u0111\u01a1n gi\u1ea3n l\u00e0 c\u00e1ch ti\u1ebfp c\u1eadn qu\u1ea3n l\u00fd du l\u1ecbch, nh\u1eb1m t\u1ed1i \u0111a h\u00f3a l\u1ee3i \u00edch kinh t\u1ebf, x\u00e3 h\u1ed9i, m\u00f4i tr\u01b0\u1eddng v\u00e0 gi\u1ea3m thi\u1ec3u chi ph\u00ed t\u1edbi c\u00e1c \u0111i\u1ec3m \u0111\u1ebfn. Du l\u1ecbch c\u00f3 tr\u00e1ch nhi\u1ec7m nhanh ch\u00f3ng tr\u1edf th\u00e0nh xu h\u01b0\u1edbng to\u00e0n [&hellip;]\" \/>\n<meta property=\"og:url\" content=\"https:\/\/www.rtcvietnam.org\/vi\/du-lich-co-trach-nhiem\/\" \/>\n<meta property=\"og:site_name\" content=\"The Responsible Travel Club of Vietnam - RTC\" \/>\n<meta property=\"article:modified_time\" content=\"2025-10-21T01:39:00+00:00\" \/>\n<meta property=\"og:image\" content=\"https:\/\/www.rtcvietnam.org\/vi\/wp-content\/uploads\/2025\/10\/pexels-elina-araja-1743227-3377405-1.jpg\" \/>\n\t<meta property=\"og:image:width\" content=\"1800\" \/>\n\t<meta property=\"og:image:height\" content=\"1012\" \/>\n\t<meta property=\"og:image:type\" content=\"image\/jpeg\" \/>\n<script type=\"application\/ld+json\" class=\"yoast-schema-graph\">{\"@context\":\"https:\/\/schema.org\",\"@graph\":[{\"@type\":\"WebPage\",\"@id\":\"https:\/\/www.rtcvietnam.org\/vi\/du-lich-co-trach-nhiem\/\",\"url\":\"https:\/\/www.rtcvietnam.org\/vi\/du-lich-co-trach-nhiem\/\",\"name\":\"Du l\u1ecbch c\u00f3 tr\u00e1ch nhi\u1ec7m - The Responsible Travel Club of Vietnam - RTC\",\"isPartOf\":{\"@id\":\"http:\/\/www.rtcvietnam.org\/vi\/#website\"},\"datePublished\":\"2017-09-14T02:15:40+00:00\",\"dateModified\":\"2025-10-21T01:39:00+00:00\",\"breadcrumb\":{\"@id\":\"https:\/\/www.rtcvietnam.org\/vi\/du-lich-co-trach-nhiem\/#breadcrumb\"},\"inLanguage\":\"en-US\",\"potentialAction\":[{\"@type\":\"ReadAction\",\"target\":[\"https:\/\/www.rtcvietnam.org\/vi\/du-lich-co-trach-nhiem\/\"]}]},{\"@type\":\"BreadcrumbList\",\"@id\":\"https:\/\/www.rtcvietnam.org\/vi\/du-lich-co-trach-nhiem\/#breadcrumb\",\"itemListElement\":[{\"@type\":\"ListItem\",\"position\":1,\"name\":\"Home\",\"item\":\"http:\/\/www.rtcvietnam.org\/vi\/\"},{\"@type\":\"ListItem\",\"position\":2,\"name\":\"Du l\u1ecbch c\u00f3 tr\u00e1ch nhi\u1ec7m\"}]},{\"@type\":\"WebSite\",\"@id\":\"http:\/\/www.rtcvietnam.org\/vi\/#website\",\"url\":\"http:\/\/www.rtcvietnam.org\/vi\/\",\"name\":\"The Responsible Travel Club of Vietnam - RTC\",\"description\":\"\",\"publisher\":{\"@id\":\"http:\/\/www.rtcvietnam.org\/vi\/#organization\"},\"potentialAction\":[{\"@type\":\"SearchAction\",\"target\":{\"@type\":\"EntryPoint\",\"urlTemplate\":\"http:\/\/www.rtcvietnam.org\/vi\/?s={search_term_string}\"},\"query-input\":\"required name=search_term_string\"}],\"inLanguage\":\"en-US\"},{\"@type\":\"Organization\",\"@id\":\"http:\/\/www.rtcvietnam.org\/vi\/#organization\",\"name\":\"The Responsible Travel Club of Vietnam - RTC\",\"url\":\"http:\/\/www.rtcvietnam.org\/vi\/\",\"logo\":{\"@type\":\"ImageObject\",\"inLanguage\":\"en-US\",\"@id\":\"http:\/\/www.rtcvietnam.org\/vi\/#\/schema\/logo\/image\/\",\"url\":\"https:\/\/www.rtcvietnam.org\/vi\/wp-content\/uploads\/2025\/10\/rtc1.jpg\",\"contentUrl\":\"https:\/\/www.rtcvietnam.org\/vi\/wp-content\/uploads\/2025\/10\/rtc1.jpg\",\"width\":300,\"height\":300,\"caption\":\"The Responsible Travel Club of Vietnam - RTC\"},\"image\":{\"@id\":\"http:\/\/www.rtcvietnam.org\/vi\/#\/schema\/logo\/image\/\"}}]}<\/script>\n<!-- \/ Yoast SEO plugin. -->","yoast_head_json":{"title":"Du l\u1ecbch c\u00f3 tr\u00e1ch nhi\u1ec7m - The Responsible Travel Club of Vietnam - RTC","robots":{"index":"index","follow":"follow","max-snippet":"max-snippet:-1","max-image-preview":"max-image-preview:large","max-video-preview":"max-video-preview:-1"},"canonical":"https:\/\/www.rtcvietnam.org\/vi\/du-lich-co-trach-nhiem\/","og_locale":"en_US","og_type":"article","og_title":"Du l\u1ecbch c\u00f3 tr\u00e1ch nhi\u1ec7m - The Responsible Travel Club of Vietnam - RTC","og_description":"Du l\u1ecbch c\u00f3 tr\u00e1ch nhi\u1ec7m l\u00e0 g\u00ec? Du l\u1ecbch c\u00f3 tr\u00e1ch nhi\u1ec7m \u0111\u01a1n gi\u1ea3n l\u00e0 c\u00e1ch ti\u1ebfp c\u1eadn qu\u1ea3n l\u00fd du l\u1ecbch, nh\u1eb1m t\u1ed1i \u0111a h\u00f3a l\u1ee3i \u00edch kinh t\u1ebf, x\u00e3 h\u1ed9i, m\u00f4i tr\u01b0\u1eddng v\u00e0 gi\u1ea3m thi\u1ec3u chi ph\u00ed t\u1edbi c\u00e1c \u0111i\u1ec3m \u0111\u1ebfn. Du l\u1ecbch c\u00f3 tr\u00e1ch nhi\u1ec7m nhanh ch\u00f3ng tr\u1edf th\u00e0nh xu h\u01b0\u1edbng to\u00e0n [&hellip;]","og_url":"https:\/\/www.rtcvietnam.org\/vi\/du-lich-co-trach-nhiem\/","og_site_name":"The Responsible Travel Club of Vietnam - RTC","article_modified_time":"2025-10-21T01:39:00+00:00","og_image":[{"width":1800,"height":1012,"url":"https:\/\/www.rtcvietnam.org\/vi\/wp-content\/uploads\/2025\/10\/pexels-elina-araja-1743227-3377405-1.jpg","type":"image\/jpeg"}],"schema":{"@context":"https:\/\/schema.org","@graph":[{"@type":"WebPage","@id":"https:\/\/www.rtcvietnam.org\/vi\/du-lich-co-trach-nhiem\/","url":"https:\/\/www.rtcvietnam.org\/vi\/du-lich-co-trach-nhiem\/","name":"Du l\u1ecbch c\u00f3 tr\u00e1ch nhi\u1ec7m - The Responsible Travel Club of Vietnam - RTC","isPartOf":{"@id":"http:\/\/www.rtcvietnam.org\/vi\/#website"},"datePublished":"2017-09-14T02:15:40+00:00","dateModified":"2025-10-21T01:39:00+00:00","breadcrumb":{"@id":"https:\/\/www.rtcvietnam.org\/vi\/du-lich-co-trach-nhiem\/#breadcrumb"},"inLanguage":"en-US","potentialAction":[{"@type":"ReadAction","target":["https:\/\/www.rtcvietnam.org\/vi\/du-lich-co-trach-nhiem\/"]}]},{"@type":"BreadcrumbList","@id":"https:\/\/www.rtcvietnam.org\/vi\/du-lich-co-trach-nhiem\/#breadcrumb","itemListElement":[{"@type":"ListItem","position":1,"name":"Home","item":"http:\/\/www.rtcvietnam.org\/vi\/"},{"@type":"ListItem","position":2,"name":"Du l\u1ecbch c\u00f3 tr\u00e1ch nhi\u1ec7m"}]},{"@type":"WebSite","@id":"http:\/\/www.rtcvietnam.org\/vi\/#website","url":"http:\/\/www.rtcvietnam.org\/vi\/","name":"The Responsible Travel Club of Vietnam - RTC","description":"","publisher":{"@id":"http:\/\/www.rtcvietnam.org\/vi\/#organization"},"potentialAction":[{"@type":"SearchAction","target":{"@type":"EntryPoint","urlTemplate":"http:\/\/www.rtcvietnam.org\/vi\/?s={search_term_string}"},"query-input":"required name=search_term_string"}],"inLanguage":"en-US"},{"@type":"Organization","@id":"http:\/\/www.rtcvietnam.org\/vi\/#organization","name":"The Responsible Travel Club of Vietnam - RTC","url":"http:\/\/www.rtcvietnam.org\/vi\/","logo":{"@type":"ImageObject","inLanguage":"en-US","@id":"http:\/\/www.rtcvietnam.org\/vi\/#\/schema\/logo\/image\/","url":"https:\/\/www.rtcvietnam.org\/vi\/wp-content\/uploads\/2025\/10\/rtc1.jpg","contentUrl":"https:\/\/www.rtcvietnam.org\/vi\/wp-content\/uploads\/2025\/10\/rtc1.jpg","width":300,"height":300,"caption":"The Responsible Travel Club of Vietnam - RTC"},"image":{"@id":"http:\/\/www.rtcvietnam.org\/vi\/#\/schema\/logo\/image\/"}}]}},"_links":{"self":[{"href":"https:\/\/www.rtcvietnam.org\/vi\/wp-json\/wp\/v2\/pages\/1574","targetHints":{"allow":["GET"]}}],"collection":[{"href":"https:\/\/www.rtcvietnam.org\/vi\/wp-json\/wp\/v2\/pages"}],"about":[{"href":"https:\/\/www.rtcvietnam.org\/vi\/wp-json\/wp\/v2\/types\/page"}],"author":[{"embeddable":true,"href":"https:\/\/www.rtcvietnam.org\/vi\/wp-json\/wp\/v2\/users\/7"}],"replies":[{"embeddable":true,"href":"https:\/\/www.rtcvietnam.org\/vi\/wp-json\/wp\/v2\/comments?post=1574"}],"version-history":[{"count":6,"href":"https:\/\/www.rtcvietnam.org\/vi\/wp-json\/wp\/v2\/pages\/1574\/revisions"}],"predecessor-version":[{"id":2873,"href":"https:\/\/www.rtcvietnam.org\/vi\/wp-json\/wp\/v2\/pages\/1574\/revisions\/2873"}],"wp:featuredmedia":[{"embeddable":true,"href":"https:\/\/www.rtcvietnam.org\/vi\/wp-json\/wp\/v2\/media\/2752"}],"wp:attachment":[{"href":"https:\/\/www.rtcvietnam.org\/vi\/wp-json\/wp\/v2\/media?parent=1574"}],"curies":[{"name":"wp","href":"https:\/\/api.w.org\/{rel}","templated":true}]}}